{"id":935,"date":"2016-08-21T11:21:30","date_gmt":"2016-08-21T15:21:30","guid":{"rendered":"https:\/\/franciscanmissions.org\/?page_id=935"},"modified":"2026-03-16T11:41:17","modified_gmt":"2026-03-16T15:41:17","slug":"our-history","status":"publish","type":"page","link":"https:\/\/franciscanmissions.org\/es\/our-story\/our-history\/","title":{"rendered":"Nuestra historia"},"content":{"rendered":"<div class=\"fusion-fullwidth fullwidth-box fusion-builder-row-1 nonhundred-percent-fullwidth non-hundred-percent-height-scrolling\" style=\"background-color: #ffffff;background-position: left top;background-repeat: no-repeat;padding-top:20px;padding-right:0px;padding-bottom:20px;padding-left:0px;margin-bottom: 0px;margin-top: 0px;border-width: 0px 0px 0px 0px;border-color:#eae9e9;border-style:solid;\" ><div class=\"fusion-builder-row fusion-row\"><div class=\"fusion-layout-column fusion_builder_column fusion-builder-column-0 fusion_builder_column_1_1 1_1 fusion-one-full fusion-column-first fusion-column-last fusion-column-no-min-height\" style=\"margin-top:0px;margin-bottom:0px;\"><div class=\"fusion-column-wrapper fusion-flex-column-wrapper-legacy\" style=\"background-position:left top;background-repeat:no-repeat;-webkit-background-size:cover;-moz-background-size:cover;-o-background-size:cover;background-size:cover;padding: 0px 0px 0px 0px;\"><style type=\"text\/css\"><\/style><div class=\"fusion-title title fusion-title-1 fusion-sep-none fusion-title-text fusion-title-size-one\" style=\"margin-top:0px;margin-right:0px;margin-bottom:31px;margin-left:0px;\"><h1 class=\"title-heading-left fusion-responsive-typography-calculated\" style=\"margin:0;--fontSize:50;line-height:1.30;\">Nuestra historia<\/h1><\/div><div class=\"fusion-slider-sc fusion-flexslider-loading flexslider flexslider-hover-type-none\" data-slideshow_autoplay=\"1\" data-slideshow_smooth_height=\"0\" data-slideshow_speed=\"7000\" style=\"max-width:100{258c6d2f7318f3ec755c2f10e588592dd3476de315951bd569e9aa2701021484};height:100{258c6d2f7318f3ec755c2f10e588592dd3476de315951bd569e9aa2701021484};\"><ul class=\"slides\"><li class=\"image\"><span class=\"fusion-image-hover-element hover-type-none\"><img decoding=\"async\" src=\"https:\/\/franciscanmissions.org\/wp-content\/uploads\/2016\/11\/IMG_1041-e1481150898902.jpg\" width=\"1824\" height=\"1094\" \/><\/span><\/li><li class=\"image\"><span class=\"fusion-image-hover-element hover-type-none\"><img decoding=\"async\" src=\"https:\/\/franciscanmissions.org\/wp-content\/uploads\/2016\/11\/Papa-Assisi2-e1481149087764.jpg\" width=\"1825\" height=\"1086\" \/><\/span><\/li><li class=\"image\"><span class=\"fusion-image-hover-element hover-type-none\"><img decoding=\"async\" src=\"https:\/\/franciscanmissions.org\/wp-content\/uploads\/2016\/11\/IMG_7856-e1481149185202.jpg\" alt=\"Pope and M. Perry OFM\" width=\"1825\" height=\"1093\" \/><\/span><\/li><li class=\"image\"><span class=\"fusion-image-hover-element hover-type-none\"><img decoding=\"async\" src=\"https:\/\/franciscanmissions.org\/wp-content\/uploads\/2016\/11\/IMG_4100-e1481151733826.jpg\" width=\"1825\" height=\"1093\" \/><\/span><\/li><li class=\"image\"><span class=\"fusion-image-hover-element hover-type-none\"><img decoding=\"async\" src=\"https:\/\/franciscanmissions.org\/wp-content\/uploads\/2016\/08\/AssisiChapter.jpg\" width=\"1100\" height=\"604\" \/><\/span><\/li><li class=\"image\"><span class=\"fusion-image-hover-element hover-type-none\"><img decoding=\"async\" src=\"https:\/\/franciscanmissions.org\/wp-content\/uploads\/2016\/08\/St.-Francis-of-Assisi-1-e1481662178994.jpg\" width=\"930\" height=\"620\" \/><\/span><\/li><\/ul><\/div><style type=\"text\/css\"><\/style><div class=\"fusion-title title fusion-title-2 fusion-sep-none fusion-title-text fusion-title-size-three\" style=\"margin-top:0px;margin-right:0px;margin-bottom:31px;margin-left:0px;\"><h3 class=\"title-heading-left fusion-responsive-typography-calculated\" style=\"margin:0;--fontSize:28;--minFontSize:28px;line-height:1.45;\"><h2>Como empez\u00f3 todo<\/h2><\/h3><\/div><div class=\"fusion-text fusion-text-1\"><div class=\"wpb_column vc_column_container vc_col-sm-6 vc_col-has-fill\">\n<div class=\"vc_column-inner vc_custom_1465842079007\">\n<div class=\"wpb_wrapper\">\n<div class=\"tg-textblock\">\n<div class=\"donate-way-inner\">\n<p>Hace m\u00e1s de 800 a\u00f1os, San Francisco se encontr\u00f3 con una iglesia en las afueras de As\u00eds, Italia, que estaba en muy mal estado. En medio de los escombros, en una pared, hab\u00eda un crucifijo. Mientras se arrodillaba para orar, la imagen en la cruz le habl\u00f3 y le dijo: \"Ve a reparar mi casa\". Francisco no se dirigi\u00f3 a un recaudador de fondos para obtener el dinero y hacer el trabajo, \u00e9l asumi\u00f3 que su familia bastante rica ayudar\u00eda, pero estaba equivocado. Su padre lo repudi\u00f3. Pero al igual que Jes\u00fas, Francisco ten\u00eda una visi\u00f3n extendida de la \"familia\". Toda la creaci\u00f3n, todas las personas, especialmente los pobres, se convirtieron en su familia. Francisco no sab\u00eda nada acerca de la recaudaci\u00f3n de fondos, pero \u00e9l sab\u00eda c\u00f3mo trabajar con sus manos por los pobres y, si se necesitaba m\u00e1s, entonces \u00e9l rogaba. Ochocientos a\u00f1os despu\u00e9s, los franciscanos siguen trabajando con sus manos y pidiendo ayuda para los pobres en nombre del Se\u00f1or.<\/p>\n<\/div>\n<\/div>\n<\/div>\n<\/div>\n<\/div>\n<\/div><style type=\"text\/css\"><\/style><div class=\"fusion-title title fusion-title-3 fusion-sep-none fusion-title-text fusion-title-size-three\" style=\"margin-top:0px;margin-right:0px;margin-bottom:31px;margin-left:0px;\"><h3 class=\"title-heading-left fusion-responsive-typography-calculated\" style=\"margin:0;--fontSize:28;--minFontSize:28px;line-height:1.45;\"><h2>Misiones franciscanas hoy<\/h2><\/h3><\/div><span class=\"fusion-imageframe imageframe-none imageframe-1 hover-type-none\"><img decoding=\"async\" width=\"640\" height=\"481\" title=\"_p1b9885\" src=\"https:\/\/franciscanmissions.org\/wp-content\/uploads\/2016\/08\/P1B9885-e1481665579826.jpg\" class=\"img-responsive wp-image-1791\"\/><\/span><div class=\"fusion-text fusion-text-2\"><p>Hoy en d\u00eda, las Misiones Franciscanas brindan apoyo financiero directo a las misiones de la Orden Franciscana en todo el mundo. Los fondos han apoyado orfanatos, comedores populares, cl\u00ednicas m\u00e9dicas, proyectos sostenibles de agua y el desarrollo de granjas para alimentar y ense\u00f1ar a otros a cultivar. Hemos financiado la educaci\u00f3n de misioneros franciscanos, la construcci\u00f3n de iglesias, viviendas para personas de bajos recursos y residencias de formaci\u00f3n para estudiantes franciscanos. Las Misiones Franciscanas tambi\u00e9n han brindado ayuda humanitaria en Hait\u00ed, Filipinas, India y Ecuador.<\/p>\n<p>Uno de nuestros objetivos espec\u00edficos es educar al mundo, particularmente en los Estados Unidos, sobre el trabajo misionero de la Orden. Esto se hace actualmente trayendo frailes-misioneros para predicar en las parroquias para la promoci\u00f3n de las misiones y un bolet\u00edn informativo regular a los donantes para informarles sobre el trabajo de los misioneros en todo el mundo.<\/p>\n<\/div><style type=\"text\/css\"><\/style><div class=\"fusion-title title fusion-title-4 fusion-sep-none fusion-title-text fusion-title-size-three\" style=\"margin-top:0px;margin-right:0px;margin-bottom:31px;margin-left:0px;\"><h3 class=\"title-heading-left fusion-responsive-typography-calculated\" style=\"margin:0;--fontSize:28;--minFontSize:28px;line-height:1.45;\"><h2>Misiones franciscanas ma\u00f1ana<\/h2><\/h3><\/div><span class=\"fusion-imageframe imageframe-none imageframe-2 hover-type-none\"><img decoding=\"async\" width=\"640\" height=\"427\" alt=\"Support Franciscan formation students around the world\" title=\"Estudiantes de formaci\u00f3n franciscana en \u00c1frica\" src=\"https:\/\/franciscanmissions.org\/wp-content\/uploads\/2016\/08\/Formation02-e1479161158280.jpg\" class=\"img-responsive wp-image-1405\"\/><\/span><div class=\"fusion-text fusion-text-3\"><p>El plan futuro es desarrollar asociaciones con laicos en los Estados Unidos, enfocados en j\u00f3venes y adultos j\u00f3venes, para educar y posiblemente apoyar experiencias pr\u00e1cticas de la misi\u00f3n de la Orden. El plan tambi\u00e9n es mantener una \u201cfraternidad de misi\u00f3n\u201d en Waterford, una fraternidad de frailes-misioneros internacionales, cuyo prop\u00f3sito ser\u00e1 orar por las misiones y los misioneros y contarles a otros sobre las misiones franciscanas a trav\u00e9s de la predicaci\u00f3n y la ense\u00f1anza.<\/p>\n<\/div><div class=\"fusion-clearfix\"><\/div><\/div><\/div><\/div><\/div>","protected":false},"excerpt":{"rendered":"","protected":false},"author":6,"featured_media":0,"parent":3016,"menu_order":1,"comment_status":"closed","ping_status":"closed","template":"","meta":{"_acf_changed":false,"footnotes":""},"class_list":["post-935","page","type-page","status-publish","hentry"],"acf":[],"yoast_head":"<!-- This site is optimized with the Yoast SEO Premium plugin v27.1 (Yoast SEO v27.1.1) - https:\/\/yoast.com\/product\/yoast-seo-premium-wordpress\/ -->\n<title>Our History - Franciscan Missions<\/title>\n<meta name=\"description\" content=\"More than 800 years ago, St. Francis came upon a church outside of Assisi, Italy that was in great disrepair. In the midst of the shambles, on a wall, was a crucifix. As he knelt in prayer, the image on the cross spoke to him, telling him to \u201cGo repair my house.\u201d\" \/>\n<meta name=\"robots\" content=\"index, follow, max-snippet:-1, max-image-preview:large, max-video-preview:-1\" \/>\n<link rel=\"canonical\" href=\"https:\/\/franciscanmissions.org\/es\/our-story\/our-history\/\" \/>\n<meta property=\"og:locale\" content=\"es_MX\" \/>\n<meta property=\"og:type\" content=\"article\" \/>\n<meta property=\"og:title\" content=\"Our History\" \/>\n<meta property=\"og:description\" content=\"More than 800 years ago, St. Francis came upon a church outside of Assisi, Italy that was in great disrepair. In the midst of the shambles, on a wall, was a crucifix. As he knelt in prayer, the image on the cross spoke to him, telling him to \u201cGo repair my house.\u201d\" \/>\n<meta property=\"og:url\" content=\"https:\/\/franciscanmissions.org\/es\/our-story\/our-history\/\" \/>\n<meta property=\"og:site_name\" content=\"Franciscan Missions\" \/>\n<meta property=\"article:publisher\" content=\"https:\/\/www.facebook.com\/franciscanmissions\/\" \/>\n<meta property=\"article:modified_time\" content=\"2026-03-16T15:41:17+00:00\" \/>\n<meta property=\"og:image\" content=\"https:\/\/franciscanmissions.org\/wp-content\/uploads\/2016\/08\/P1B9885-e1481665579826.jpg\" \/>\n<meta name=\"twitter:card\" content=\"summary_large_image\" \/>\n<meta name=\"twitter:label1\" content=\"Tiempo de lectura\" \/>\n\t<meta name=\"twitter:data1\" content=\"3 minutos\" \/>\n<script type=\"application\/ld+json\" class=\"yoast-schema-graph\">{\"@context\":\"https:\/\/schema.org\",\"@graph\":[{\"@type\":\"WebPage\",\"@id\":\"https:\/\/franciscanmissions.org\/our-story\/our-history\/\",\"url\":\"https:\/\/franciscanmissions.org\/our-story\/our-history\/\",\"name\":\"Our History - Franciscan Missions\",\"isPartOf\":{\"@id\":\"https:\/\/franciscanmissions.org\/#website\"},\"primaryImageOfPage\":{\"@id\":\"https:\/\/franciscanmissions.org\/our-story\/our-history\/#primaryimage\"},\"image\":{\"@id\":\"https:\/\/franciscanmissions.org\/our-story\/our-history\/#primaryimage\"},\"thumbnailUrl\":\"https:\/\/franciscanmissions.org\/wp-content\/uploads\/2016\/08\/P1B9885-e1481665579826.jpg\",\"datePublished\":\"2016-08-21T15:21:30+00:00\",\"dateModified\":\"2026-03-16T15:41:17+00:00\",\"description\":\"More than 800 years ago, St. Francis came upon a church outside of Assisi, Italy that was in great disrepair. In the midst of the shambles, on a wall, was a crucifix. As he knelt in prayer, the image on the cross spoke to him, telling him to \u201cGo repair my house.\u201d\",\"breadcrumb\":{\"@id\":\"https:\/\/franciscanmissions.org\/our-story\/our-history\/#breadcrumb\"},\"inLanguage\":\"es\",\"potentialAction\":[{\"@type\":\"ReadAction\",\"target\":[\"https:\/\/franciscanmissions.org\/our-story\/our-history\/\"]}]},{\"@type\":\"ImageObject\",\"inLanguage\":\"es\",\"@id\":\"https:\/\/franciscanmissions.org\/our-story\/our-history\/#primaryimage\",\"url\":\"https:\/\/franciscanmissions.org\/wp-content\/uploads\/2016\/08\/P1B9885-e1481665579826.jpg\",\"contentUrl\":\"https:\/\/franciscanmissions.org\/wp-content\/uploads\/2016\/08\/P1B9885-e1481665579826.jpg\"},{\"@type\":\"BreadcrumbList\",\"@id\":\"https:\/\/franciscanmissions.org\/our-story\/our-history\/#breadcrumb\",\"itemListElement\":[{\"@type\":\"ListItem\",\"position\":1,\"name\":\"Home\",\"item\":\"https:\/\/franciscanmissions.org\/\"},{\"@type\":\"ListItem\",\"position\":2,\"name\":\"Our Story\",\"item\":\"https:\/\/franciscanmissions.org\/our-story\/\"},{\"@type\":\"ListItem\",\"position\":3,\"name\":\"Our History\"}]},{\"@type\":\"WebSite\",\"@id\":\"https:\/\/franciscanmissions.org\/#website\",\"url\":\"https:\/\/franciscanmissions.org\/\",\"name\":\"Franciscan Missions\",\"description\":\"Together, we deliver hope\",\"publisher\":{\"@id\":\"https:\/\/franciscanmissions.org\/#organization\"},\"potentialAction\":[{\"@type\":\"SearchAction\",\"target\":{\"@type\":\"EntryPoint\",\"urlTemplate\":\"https:\/\/franciscanmissions.org\/?s={search_term_string}\"},\"query-input\":{\"@type\":\"PropertyValueSpecification\",\"valueRequired\":true,\"valueName\":\"search_term_string\"}}],\"inLanguage\":\"es\"},{\"@type\":\"Organization\",\"@id\":\"https:\/\/franciscanmissions.org\/#organization\",\"name\":\"Franciscan Missions\",\"url\":\"https:\/\/franciscanmissions.org\/\",\"logo\":{\"@type\":\"ImageObject\",\"inLanguage\":\"es\",\"@id\":\"https:\/\/franciscanmissions.org\/#\/schema\/logo\/image\/\",\"url\":\"https:\/\/franciscanmissions.org\/wp-content\/uploads\/2019\/01\/fm_logo@2x.png\",\"contentUrl\":\"https:\/\/franciscanmissions.org\/wp-content\/uploads\/2019\/01\/fm_logo@2x.png\",\"width\":304,\"height\":108,\"caption\":\"Franciscan Missions\"},\"image\":{\"@id\":\"https:\/\/franciscanmissions.org\/#\/schema\/logo\/image\/\"},\"sameAs\":[\"https:\/\/www.facebook.com\/franciscanmissions\/\"]}]}<\/script>\n<!-- \/ Yoast SEO Premium plugin. -->","yoast_head_json":{"title":"Nuestra Historia - Misiones Franciscanas","description":"Hace m\u00e1s de 800 a\u00f1os, San Francisco se top\u00f3 con una iglesia en las afueras de As\u00eds, Italia, que se encontraba en muy mal estado. En medio de los escombros, en una pared, hab\u00eda un crucifijo. Mientras se arrodillaba para orar, la imagen en la cruz le habl\u00f3, dici\u00e9ndole: \u00abVe a reparar mi casa\u00bb.","robots":{"index":"index","follow":"follow","max-snippet":"max-snippet:-1","max-image-preview":"max-image-preview:large","max-video-preview":"max-video-preview:-1"},"canonical":"https:\/\/franciscanmissions.org\/es\/our-story\/our-history\/","og_locale":"es_MX","og_type":"article","og_title":"Our History","og_description":"More than 800 years ago, St. Francis came upon a church outside of Assisi, Italy that was in great disrepair. In the midst of the shambles, on a wall, was a crucifix. As he knelt in prayer, the image on the cross spoke to him, telling him to \u201cGo repair my house.\u201d","og_url":"https:\/\/franciscanmissions.org\/es\/our-story\/our-history\/","og_site_name":"Franciscan Missions","article_publisher":"https:\/\/www.facebook.com\/franciscanmissions\/","article_modified_time":"2026-03-16T15:41:17+00:00","og_image":[{"url":"https:\/\/franciscanmissions.org\/wp-content\/uploads\/2016\/08\/P1B9885-e1481665579826.jpg","type":"","width":"","height":""}],"twitter_card":"summary_large_image","twitter_misc":{"Tiempo de lectura":"3 minutos"},"schema":{"@context":"https:\/\/schema.org","@graph":[{"@type":"WebPage","@id":"https:\/\/franciscanmissions.org\/our-story\/our-history\/","url":"https:\/\/franciscanmissions.org\/our-story\/our-history\/","name":"Nuestra Historia - Misiones Franciscanas","isPartOf":{"@id":"https:\/\/franciscanmissions.org\/#website"},"primaryImageOfPage":{"@id":"https:\/\/franciscanmissions.org\/our-story\/our-history\/#primaryimage"},"image":{"@id":"https:\/\/franciscanmissions.org\/our-story\/our-history\/#primaryimage"},"thumbnailUrl":"https:\/\/franciscanmissions.org\/wp-content\/uploads\/2016\/08\/P1B9885-e1481665579826.jpg","datePublished":"2016-08-21T15:21:30+00:00","dateModified":"2026-03-16T15:41:17+00:00","description":"Hace m\u00e1s de 800 a\u00f1os, San Francisco se top\u00f3 con una iglesia en las afueras de As\u00eds, Italia, que se encontraba en muy mal estado. En medio de los escombros, en una pared, hab\u00eda un crucifijo. Mientras se arrodillaba para orar, la imagen en la cruz le habl\u00f3, dici\u00e9ndole: \u00abVe a reparar mi casa\u00bb.","breadcrumb":{"@id":"https:\/\/franciscanmissions.org\/our-story\/our-history\/#breadcrumb"},"inLanguage":"es","potentialAction":[{"@type":"ReadAction","target":["https:\/\/franciscanmissions.org\/our-story\/our-history\/"]}]},{"@type":"ImageObject","inLanguage":"es","@id":"https:\/\/franciscanmissions.org\/our-story\/our-history\/#primaryimage","url":"https:\/\/franciscanmissions.org\/wp-content\/uploads\/2016\/08\/P1B9885-e1481665579826.jpg","contentUrl":"https:\/\/franciscanmissions.org\/wp-content\/uploads\/2016\/08\/P1B9885-e1481665579826.jpg"},{"@type":"BreadcrumbList","@id":"https:\/\/franciscanmissions.org\/our-story\/our-history\/#breadcrumb","itemListElement":[{"@type":"ListItem","position":1,"name":"Home","item":"https:\/\/franciscanmissions.org\/"},{"@type":"ListItem","position":2,"name":"Our Story","item":"https:\/\/franciscanmissions.org\/our-story\/"},{"@type":"ListItem","position":3,"name":"Our History"}]},{"@type":"WebSite","@id":"https:\/\/franciscanmissions.org\/#website","url":"https:\/\/franciscanmissions.org\/","name":"las misiones franciscanas","description":"Juntos, entregamos esperanza","publisher":{"@id":"https:\/\/franciscanmissions.org\/#organization"},"potentialAction":[{"@type":"SearchAction","target":{"@type":"EntryPoint","urlTemplate":"https:\/\/franciscanmissions.org\/?s={search_term_string}"},"query-input":{"@type":"PropertyValueSpecification","valueRequired":true,"valueName":"search_term_string"}}],"inLanguage":"es"},{"@type":"Organization","@id":"https:\/\/franciscanmissions.org\/#organization","name":"las misiones franciscanas","url":"https:\/\/franciscanmissions.org\/","logo":{"@type":"ImageObject","inLanguage":"es","@id":"https:\/\/franciscanmissions.org\/#\/schema\/logo\/image\/","url":"https:\/\/franciscanmissions.org\/wp-content\/uploads\/2019\/01\/fm_logo@2x.png","contentUrl":"https:\/\/franciscanmissions.org\/wp-content\/uploads\/2019\/01\/fm_logo@2x.png","width":304,"height":108,"caption":"Franciscan Missions"},"image":{"@id":"https:\/\/franciscanmissions.org\/#\/schema\/logo\/image\/"},"sameAs":["https:\/\/www.facebook.com\/franciscanmissions\/"]}]}},"_links":{"self":[{"href":"https:\/\/franciscanmissions.org\/es\/wp-json\/wp\/v2\/pages\/935","targetHints":{"allow":["GET"]}}],"collection":[{"href":"https:\/\/franciscanmissions.org\/es\/wp-json\/wp\/v2\/pages"}],"about":[{"href":"https:\/\/franciscanmissions.org\/es\/wp-json\/wp\/v2\/types\/page"}],"author":[{"embeddable":true,"href":"https:\/\/franciscanmissions.org\/es\/wp-json\/wp\/v2\/users\/6"}],"replies":[{"embeddable":true,"href":"https:\/\/franciscanmissions.org\/es\/wp-json\/wp\/v2\/comments?post=935"}],"version-history":[{"count":81,"href":"https:\/\/franciscanmissions.org\/es\/wp-json\/wp\/v2\/pages\/935\/revisions"}],"predecessor-version":[{"id":8270,"href":"https:\/\/franciscanmissions.org\/es\/wp-json\/wp\/v2\/pages\/935\/revisions\/8270"}],"up":[{"embeddable":true,"href":"https:\/\/franciscanmissions.org\/es\/wp-json\/wp\/v2\/pages\/3016"}],"wp:attachment":[{"href":"https:\/\/franciscanmissions.org\/es\/wp-json\/wp\/v2\/media?parent=935"}],"curies":[{"name":"wp","href":"https:\/\/api.w.org\/{rel}","templated":true}]}}