{"id":7142,"date":"2016-12-22T17:52:05","date_gmt":"2016-12-22T22:52:05","guid":{"rendered":"https:\/\/franciscanmissions.org\/?page_id=7142"},"modified":"2025-04-24T16:35:12","modified_gmt":"2025-04-24T20:35:12","slug":"human-dignity","status":"publish","type":"page","link":"https:\/\/franciscanmissions.org\/es\/projects\/human-dignity\/","title":{"rendered":"Dignidad humana"},"content":{"rendered":"<div class=\"fusion-fullwidth fullwidth-box fusion-builder-row-1 nonhundred-percent-fullwidth non-hundred-percent-height-scrolling\" style=\"background-color: #ffffff;background-position: left top;background-repeat: no-repeat;padding-top:20px;padding-right:0px;padding-bottom:20px;padding-left:0px;margin-bottom: 0px;margin-top: 0px;border-width: 0px 0px 0px 0px;border-color:#eae9e9;border-style:solid;\" ><div class=\"fusion-builder-row fusion-row\"><div class=\"fusion-layout-column fusion_builder_column fusion-builder-column-0 fusion_builder_column_1_1 1_1 fusion-one-full fusion-column-first fusion-column-last\" style=\"margin-top:0px;margin-bottom:0px;\"><div class=\"fusion-column-wrapper fusion-flex-column-wrapper-legacy\" style=\"background-position:left top;background-repeat:no-repeat;-webkit-background-size:cover;-moz-background-size:cover;-o-background-size:cover;background-size:cover;padding: 0px 0px 0px 0px;\"><span class=\"fusion-imageframe imageframe-none imageframe-1 hover-type-none\"><img decoding=\"async\" width=\"1024\" height=\"361\" alt=\"Together we deliver hope\" title=\"encabezado humano\" src=\"https:\/\/franciscanmissions.org\/wp-content\/uploads\/2025\/01\/human-header.jpg\" class=\"img-responsive wp-image-7204\" srcset=\"https:\/\/franciscanmissions.org\/wp-content\/uploads\/2025\/01\/human-header-200x71.jpg 200w, https:\/\/franciscanmissions.org\/wp-content\/uploads\/2025\/01\/human-header-400x141.jpg 400w, https:\/\/franciscanmissions.org\/wp-content\/uploads\/2025\/01\/human-header-600x212.jpg 600w, https:\/\/franciscanmissions.org\/wp-content\/uploads\/2025\/01\/human-header-800x282.jpg 800w, https:\/\/franciscanmissions.org\/wp-content\/uploads\/2025\/01\/human-header.jpg 1024w\" sizes=\"(max-width: 800px) 100vw, 1024px\" \/><\/span><div class=\"fusion-clearfix\"><\/div><\/div><\/div><div class=\"fusion-layout-column fusion_builder_column fusion-builder-column-1 fusion_builder_column_4_5 4_5 fusion-four-fifth fusion-column-first\" style=\"width:79.2%; margin-right: 4%;margin-top:0px;margin-bottom:0px;\"><div class=\"fusion-column-wrapper fusion-flex-column-wrapper-legacy\" style=\"background-position:left top;background-repeat:no-repeat;-webkit-background-size:cover;-moz-background-size:cover;-o-background-size:cover;background-size:cover;padding: 0px 0px 0px 0px;\"><style type=\"text\/css\"><\/style><div class=\"fusion-title title fusion-title-1 fusion-sep-none fusion-title-text fusion-title-size-one\" style=\"margin-top:0px;margin-right:0px;margin-bottom:31px;margin-left:0px;\"><h1 class=\"title-heading-left fusion-responsive-typography-calculated\" style=\"margin:0;--fontSize:50;line-height:1.30;\"><h1 class=\"p1\"><b>Recuperar la dignidad humana en los pa\u00edses en desarrollo<\/b><\/h1><\/h1><\/div><div class=\"fusion-text fusion-text-1\"><p>Todo ser humano posee una dignidad infinita e inalienable que debe ser respetada y protegida. Sin embargo, con demasiada frecuencia, en pa\u00edses de todo el mundo, en zonas asoladas por la pobreza generalizada, los pueblos ind\u00edgenas, los grupos minoritarios, los refugiados, los migrantes, los ancianos y los enfermos se enfrentan a las condiciones m\u00e1s precarias, condiciones que muchos de nosotros no podemos comprender. Estas personas, nuestros hermanos y hermanas, son quienes m\u00e1s luchan para acceder a los bienes b\u00e1sicos que les permitan vivir con dignidad.<\/p>\n<\/div><div class=\"fusion-text fusion-text-2\"><p>\u201cQueremos reconocer la dignidad humana en cada persona, sea cual sea su raza, lengua o condici\u00f3n\u201d.<\/p>\n<p><span style=\"font-weight: 400;\">\u2013 Papa Francisco<\/span><\/p>\n<\/div><div class=\"fusion-button-wrapper\"><style type=\"text\/css\">.fusion-button.button-1 {border-radius:2px;}<\/style><a class=\"fusion-button button-flat fusion-button-default-size button-default button-1 fusion-button-default-span fusion-button-default-type\" target=\"_blank\" rel=\"noopener noreferrer\" href=\"https:\/\/give.franciscanmissions.org\/single-donation\"><span class=\"fusion-button-text\">Dona hoy<\/span><\/a><\/div><div class=\"fusion-clearfix\"><\/div><\/div><\/div><div class=\"fusion-layout-column fusion_builder_column fusion-builder-column-2 fusion_builder_column_1_1 1_1 fusion-one-full fusion-column-last\" style=\"margin-top:0px;margin-bottom:20px;\"><div class=\"fusion-column-wrapper fusion-flex-column-wrapper-legacy\" style=\"background-position:left top;background-repeat:no-repeat;-webkit-background-size:cover;-moz-background-size:cover;-o-background-size:cover;background-size:cover;padding: 0px 0px 0px 0px;\"><div class=\"fusion-clearfix\"><\/div><\/div><\/div><div class=\"fusion-layout-column fusion_builder_column fusion-builder-column-3 fusion_builder_column_1_2 1_2 fusion-one-half fusion-column-first\" style=\"width:50%;width:calc(50% - ( ( 4% ) * 0.5 ) );margin-right: 4%;margin-top:0px;margin-bottom:20px;\"><div class=\"fusion-column-wrapper fusion-flex-column-wrapper-legacy\" style=\"background-position:left top;background-repeat:no-repeat;-webkit-background-size:cover;-moz-background-size:cover;-o-background-size:cover;background-size:cover;padding: 0px 0px 0px 0px;\"><span class=\"fusion-imageframe imageframe-none imageframe-2 hover-type-none\"><img decoding=\"async\" width=\"1024\" height=\"768\" title=\"imagen humana-1\" src=\"https:\/\/franciscanmissions.org\/wp-content\/uploads\/2025\/01\/human-img-1.jpg\" class=\"img-responsive wp-image-7199\" srcset=\"https:\/\/franciscanmissions.org\/wp-content\/uploads\/2025\/01\/human-img-1-200x150.jpg 200w, https:\/\/franciscanmissions.org\/wp-content\/uploads\/2025\/01\/human-img-1-400x300.jpg 400w, https:\/\/franciscanmissions.org\/wp-content\/uploads\/2025\/01\/human-img-1-600x450.jpg 600w, https:\/\/franciscanmissions.org\/wp-content\/uploads\/2025\/01\/human-img-1-800x600.jpg 800w, https:\/\/franciscanmissions.org\/wp-content\/uploads\/2025\/01\/human-img-1.jpg 1024w\" sizes=\"(max-width: 800px) 100vw, 600px\" \/><\/span><div class=\"fusion-clearfix\"><\/div><\/div><\/div><div class=\"fusion-layout-column fusion_builder_column fusion-builder-column-4 fusion_builder_column_1_2 1_2 fusion-one-half fusion-column-last\" style=\"width:50%;width:calc(50% - ( ( 4% ) * 0.5 ) );margin-top:0px;margin-bottom:20px;\"><div class=\"fusion-column-wrapper fusion-flex-column-wrapper-legacy\" style=\"background-position:left top;background-repeat:no-repeat;-webkit-background-size:cover;-moz-background-size:cover;-o-background-size:cover;background-size:cover;padding: 0px 0px 0px 0px;\"><span class=\"fusion-imageframe imageframe-none imageframe-3 hover-type-none\"><img decoding=\"async\" width=\"1024\" height=\"768\" title=\"humano-img-3\" src=\"https:\/\/franciscanmissions.org\/wp-content\/uploads\/2025\/01\/human-img-3.jpg\" class=\"img-responsive wp-image-7201\" srcset=\"https:\/\/franciscanmissions.org\/wp-content\/uploads\/2025\/01\/human-img-3-200x150.jpg 200w, https:\/\/franciscanmissions.org\/wp-content\/uploads\/2025\/01\/human-img-3-400x300.jpg 400w, https:\/\/franciscanmissions.org\/wp-content\/uploads\/2025\/01\/human-img-3-600x450.jpg 600w, https:\/\/franciscanmissions.org\/wp-content\/uploads\/2025\/01\/human-img-3-800x600.jpg 800w, https:\/\/franciscanmissions.org\/wp-content\/uploads\/2025\/01\/human-img-3.jpg 1024w\" sizes=\"(max-width: 800px) 100vw, 600px\" \/><\/span><div class=\"fusion-clearfix\"><\/div><\/div><\/div><div class=\"fusion-layout-column fusion_builder_column fusion-builder-column-5 fusion_builder_column_4_5 4_5 fusion-four-fifth fusion-column-first\" style=\"width:79.2%; margin-right: 4%;margin-top:0px;margin-bottom:0px;\"><div class=\"fusion-column-wrapper fusion-flex-column-wrapper-legacy\" style=\"background-position:left top;background-repeat:no-repeat;-webkit-background-size:cover;-moz-background-size:cover;-o-background-size:cover;background-size:cover;padding: 0px 0px 0px 0px;\"><style type=\"text\/css\"><\/style><div class=\"fusion-title title fusion-title-2 fusion-sep-none fusion-title-text fusion-title-size-one\" style=\"margin-top:0px;margin-right:0px;margin-bottom:31px;margin-left:0px;\"><h1 class=\"title-heading-left fusion-responsive-typography-calculated\" style=\"margin:0;--fontSize:50;line-height:1.30;\"><h2><b>C\u00f3mo ayudamos\u00a0<\/b><\/h2><\/h1><\/div><div class=\"fusion-text fusion-text-3\"><p>Los fondos han financiado cl\u00ednicas m\u00e9dicas, atenci\u00f3n a personas mayores, apoyo a migrantes, di\u00e1logo interreligioso, educaci\u00f3n de grupos \u00e9tnicos para combatir los estigmas y ayuda humanitaria a los m\u00e1s vulnerables del mundo. Todo esto lo hacemos emulando a nuestro fundador, San Francisco, quien lo dio todo para servir a los pobres en nombre del Se\u00f1or.<\/p>\n<p>\u00bfSer\u00e1s las manos, el coraz\u00f3n y la voz de Dios para aquellos que se sienten olvidados?<\/p>\n<\/div><div class=\"fusion-button-wrapper\"><style type=\"text\/css\">.fusion-button.button-2 {border-radius:2px;}<\/style><a class=\"fusion-button button-flat fusion-button-default-size button-default button-2 fusion-button-default-span fusion-button-default-type\" target=\"_blank\" rel=\"noopener noreferrer\" href=\"https:\/\/give.franciscanmissions.org\/single-donation\"><span class=\"fusion-button-text\">Dona hoy<\/span><\/a><\/div><div class=\"fusion-clearfix\"><\/div><\/div><\/div><div class=\"fusion-layout-column fusion_builder_column fusion-builder-column-6 fusion_builder_column_1_1 1_1 fusion-one-full fusion-column-last\" style=\"margin-top:0px;margin-bottom:20px;\"><div class=\"fusion-column-wrapper fusion-flex-column-wrapper-legacy\" style=\"background-position:left top;background-repeat:no-repeat;-webkit-background-size:cover;-moz-background-size:cover;-o-background-size:cover;background-size:cover;padding: 0px 0px 0px 0px;\"><div class=\"fusion-clearfix\"><\/div><\/div><\/div><div class=\"fusion-layout-column fusion_builder_column fusion-builder-column-7 fusion_builder_column_1_2 1_2 fusion-one-half fusion-column-first\" style=\"width:50%;width:calc(50% - ( ( 4% ) * 0.5 ) );margin-right: 4%;margin-top:0px;margin-bottom:20px;\"><div class=\"fusion-column-wrapper fusion-flex-column-wrapper-legacy\" style=\"background-position:left top;background-repeat:no-repeat;-webkit-background-size:cover;-moz-background-size:cover;-o-background-size:cover;background-size:cover;padding: 0px 0px 0px 0px;\"><span class=\"fusion-imageframe imageframe-none imageframe-4 hover-type-none\"><img decoding=\"async\" width=\"1024\" height=\"768\" title=\"imagen humana-img-4\" src=\"https:\/\/franciscanmissions.org\/wp-content\/uploads\/2025\/01\/human-img-4.jpg\" class=\"img-responsive wp-image-7202\" srcset=\"https:\/\/franciscanmissions.org\/wp-content\/uploads\/2025\/01\/human-img-4-200x150.jpg 200w, https:\/\/franciscanmissions.org\/wp-content\/uploads\/2025\/01\/human-img-4-400x300.jpg 400w, https:\/\/franciscanmissions.org\/wp-content\/uploads\/2025\/01\/human-img-4-600x450.jpg 600w, https:\/\/franciscanmissions.org\/wp-content\/uploads\/2025\/01\/human-img-4-800x600.jpg 800w, https:\/\/franciscanmissions.org\/wp-content\/uploads\/2025\/01\/human-img-4.jpg 1024w\" sizes=\"(max-width: 800px) 100vw, 600px\" \/><\/span><div class=\"fusion-clearfix\"><\/div><\/div><\/div><div class=\"fusion-layout-column fusion_builder_column fusion-builder-column-8 fusion_builder_column_1_2 1_2 fusion-one-half fusion-column-last\" style=\"width:50%;width:calc(50% - ( ( 4% ) * 0.5 ) );margin-top:0px;margin-bottom:20px;\"><div class=\"fusion-column-wrapper fusion-flex-column-wrapper-legacy\" style=\"background-position:left top;background-repeat:no-repeat;-webkit-background-size:cover;-moz-background-size:cover;-o-background-size:cover;background-size:cover;padding: 0px 0px 0px 0px;\"><span class=\"fusion-imageframe imageframe-none imageframe-5 hover-type-none\"><img decoding=\"async\" width=\"1024\" height=\"768\" title=\"imagen humana-2\" src=\"https:\/\/franciscanmissions.org\/wp-content\/uploads\/2025\/01\/human-img-2.jpg\" class=\"img-responsive wp-image-7200\" srcset=\"https:\/\/franciscanmissions.org\/wp-content\/uploads\/2025\/01\/human-img-2-200x150.jpg 200w, https:\/\/franciscanmissions.org\/wp-content\/uploads\/2025\/01\/human-img-2-400x300.jpg 400w, https:\/\/franciscanmissions.org\/wp-content\/uploads\/2025\/01\/human-img-2-600x450.jpg 600w, https:\/\/franciscanmissions.org\/wp-content\/uploads\/2025\/01\/human-img-2-800x600.jpg 800w, https:\/\/franciscanmissions.org\/wp-content\/uploads\/2025\/01\/human-img-2.jpg 1024w\" sizes=\"(max-width: 800px) 100vw, 600px\" \/><\/span><div class=\"fusion-clearfix\"><\/div><\/div><\/div><div class=\"fusion-layout-column fusion_builder_column fusion-builder-column-9 fusion_builder_column_1_1 1_1 fusion-one-full fusion-column-first fusion-column-last\" style=\"margin-top:0px;margin-bottom:20px;\"><div class=\"fusion-column-wrapper fusion-flex-column-wrapper-legacy\" style=\"background-position:left top;background-repeat:no-repeat;-webkit-background-size:cover;-moz-background-size:cover;-o-background-size:cover;background-size:cover;padding: 0px 0px 0px 0px;\"><div class=\"fusion-clearfix\"><\/div><\/div><\/div><div class=\"fusion-layout-column fusion_builder_column fusion-builder-column-10 fusion_builder_column_4_5 4_5 fusion-four-fifth fusion-column-first\" style=\"width:80%;width:calc(80% - ( ( 4% ) * 0.8 ) );margin-right: 4%;margin-top:0px;margin-bottom:20px;\"><div class=\"fusion-column-wrapper fusion-flex-column-wrapper-legacy\" style=\"background-position:left top;background-repeat:no-repeat;-webkit-background-size:cover;-moz-background-size:cover;-o-background-size:cover;background-size:cover;padding: 0px 0px 0px 0px;\"><div class=\"fusion-text fusion-text-4\"><h2><b>Aspectos destacados de proyectos recientes<\/b><\/h2>\n<\/div><div class=\"fusion-text fusion-text-5\"><p><strong>Proyectos para recuperar la dignidad humana<\/strong><\/p>\n<p>En un solo a\u00f1o, los fondos apoyaron docenas de proyectos que ten\u00edan como objetivo unificar grupos de personas y comunidades, combatir estigmas y difundir la buena noticia de que el plan de Dios nos incluye a todos.<\/p>\n<ul>\n<li style=\"font-weight: 400;\" aria-level=\"1\"><span style=\"font-weight: 400;\">En Brasil, los misioneros franciscanos organizaron una marcha de cinco d\u00edas.<\/span><span style=\"font-weight: 400;\"> Reuni\u00f3n de j\u00f3venes y familias de las misiones ind\u00edgenas para educar y concientizar sobre temas sociales.\u00a0<\/span><\/li>\n<li style=\"font-weight: 400;\" aria-level=\"1\"><span style=\"font-weight: 400;\">En Filipinas, nuestros hermanos dirigieron una celebraci\u00f3n de di\u00e1logo interreligioso del tiempo de la creaci\u00f3n con nuestros j\u00f3venes l\u00edderes musulmanes y cristianos.\u00a0\u00a0<\/span><\/li>\n<li style=\"font-weight: 400;\" aria-level=\"1\"><span style=\"font-weight: 400;\">En Estambul se realiz\u00f3 un curso de dos semanas sobre di\u00e1logo interreligioso y ecum\u00e9nico.<\/span><\/li>\n<li style=\"font-weight: 400;\" aria-level=\"1\"><span style=\"font-weight: 400;\">En M\u00e9xico brindamos albergue, alimentaci\u00f3n y atenci\u00f3n psicoemocional a personas migrantes.<\/span><\/li>\n<\/ul>\n<\/div><div class=\"fusion-clearfix\"><\/div><\/div><\/div><\/div><\/div>","protected":false},"excerpt":{"rendered":"","protected":false},"author":14,"featured_media":0,"parent":2983,"menu_order":8,"comment_status":"closed","ping_status":"closed","template":"side-navigation.php","meta":{"_acf_changed":false,"footnotes":""},"class_list":["post-7142","page","type-page","status-publish","hentry"],"acf":[],"yoast_head":"<!-- This site is optimized with the Yoast SEO Premium plugin v27.1 (Yoast SEO v27.1.1) - https:\/\/yoast.com\/product\/yoast-seo-premium-wordpress\/ -->\n<title>Reclaim Human Dignity - Franciscan Missions<\/title>\n<meta name=\"description\" content=\"Every human being possesses infinite dignity, but too often hardship leads to injustice. Help reclaim human dignity for the most vulnerable around the world.\" \/>\n<meta name=\"robots\" content=\"index, follow, max-snippet:-1, max-image-preview:large, max-video-preview:-1\" \/>\n<link rel=\"canonical\" href=\"https:\/\/franciscanmissions.org\/es\/projects\/human-dignity\/\" \/>\n<meta property=\"og:locale\" content=\"es_MX\" \/>\n<meta property=\"og:type\" content=\"article\" \/>\n<meta property=\"og:title\" content=\"Human Dignity\" \/>\n<meta property=\"og:description\" content=\"Every human being possesses infinite dignity, but too often hardship leads to injustice. Help reclaim human dignity for the most vulnerable around the world.\" \/>\n<meta property=\"og:url\" content=\"https:\/\/franciscanmissions.org\/es\/projects\/human-dignity\/\" \/>\n<meta property=\"og:site_name\" content=\"Franciscan Missions\" \/>\n<meta property=\"article:publisher\" content=\"https:\/\/www.facebook.com\/franciscanmissions\/\" \/>\n<meta property=\"article:modified_time\" content=\"2025-04-24T20:35:12+00:00\" \/>\n<meta name=\"twitter:card\" content=\"summary_large_image\" \/>\n<meta name=\"twitter:label1\" content=\"Tiempo de lectura\" \/>\n\t<meta name=\"twitter:data1\" content=\"8 minutos\" \/>\n<script type=\"application\/ld+json\" class=\"yoast-schema-graph\">{\"@context\":\"https:\/\/schema.org\",\"@graph\":[{\"@type\":\"WebPage\",\"@id\":\"https:\/\/franciscanmissions.org\/projects\/human-dignity\/\",\"url\":\"https:\/\/franciscanmissions.org\/projects\/human-dignity\/\",\"name\":\"Reclaim Human Dignity - Franciscan Missions\",\"isPartOf\":{\"@id\":\"https:\/\/franciscanmissions.org\/#website\"},\"datePublished\":\"2016-12-22T22:52:05+00:00\",\"dateModified\":\"2025-04-24T20:35:12+00:00\",\"description\":\"Every human being possesses infinite dignity, but too often hardship leads to injustice. Help reclaim human dignity for the most vulnerable around the world.\",\"breadcrumb\":{\"@id\":\"https:\/\/franciscanmissions.org\/projects\/human-dignity\/#breadcrumb\"},\"inLanguage\":\"es\",\"potentialAction\":[{\"@type\":\"ReadAction\",\"target\":[\"https:\/\/franciscanmissions.org\/projects\/human-dignity\/\"]}]},{\"@type\":\"BreadcrumbList\",\"@id\":\"https:\/\/franciscanmissions.org\/projects\/human-dignity\/#breadcrumb\",\"itemListElement\":[{\"@type\":\"ListItem\",\"position\":1,\"name\":\"Home\",\"item\":\"https:\/\/franciscanmissions.org\/\"},{\"@type\":\"ListItem\",\"position\":2,\"name\":\"Projects\",\"item\":\"https:\/\/franciscanmissions.org\/projects\/\"},{\"@type\":\"ListItem\",\"position\":3,\"name\":\"Human Dignity\"}]},{\"@type\":\"WebSite\",\"@id\":\"https:\/\/franciscanmissions.org\/#website\",\"url\":\"https:\/\/franciscanmissions.org\/\",\"name\":\"Franciscan Missions\",\"description\":\"Together, we deliver hope\",\"publisher\":{\"@id\":\"https:\/\/franciscanmissions.org\/#organization\"},\"potentialAction\":[{\"@type\":\"SearchAction\",\"target\":{\"@type\":\"EntryPoint\",\"urlTemplate\":\"https:\/\/franciscanmissions.org\/?s={search_term_string}\"},\"query-input\":{\"@type\":\"PropertyValueSpecification\",\"valueRequired\":true,\"valueName\":\"search_term_string\"}}],\"inLanguage\":\"es\"},{\"@type\":\"Organization\",\"@id\":\"https:\/\/franciscanmissions.org\/#organization\",\"name\":\"Franciscan Missions\",\"url\":\"https:\/\/franciscanmissions.org\/\",\"logo\":{\"@type\":\"ImageObject\",\"inLanguage\":\"es\",\"@id\":\"https:\/\/franciscanmissions.org\/#\/schema\/logo\/image\/\",\"url\":\"https:\/\/franciscanmissions.org\/wp-content\/uploads\/2019\/01\/fm_logo@2x.png\",\"contentUrl\":\"https:\/\/franciscanmissions.org\/wp-content\/uploads\/2019\/01\/fm_logo@2x.png\",\"width\":304,\"height\":108,\"caption\":\"Franciscan Missions\"},\"image\":{\"@id\":\"https:\/\/franciscanmissions.org\/#\/schema\/logo\/image\/\"},\"sameAs\":[\"https:\/\/www.facebook.com\/franciscanmissions\/\"]}]}<\/script>\n<!-- \/ Yoast SEO Premium plugin. -->","yoast_head_json":{"title":"Reclamar la dignidad humana - Misiones Franciscanas","description":"Todo ser humano posee una dignidad infinita, pero con demasiada frecuencia las dificultades conducen a la injusticia. Ayude a recuperar la dignidad humana para los m\u00e1s vulnerables del mundo.","robots":{"index":"index","follow":"follow","max-snippet":"max-snippet:-1","max-image-preview":"max-image-preview:large","max-video-preview":"max-video-preview:-1"},"canonical":"https:\/\/franciscanmissions.org\/es\/projects\/human-dignity\/","og_locale":"es_MX","og_type":"article","og_title":"Human Dignity","og_description":"Every human being possesses infinite dignity, but too often hardship leads to injustice. Help reclaim human dignity for the most vulnerable around the world.","og_url":"https:\/\/franciscanmissions.org\/es\/projects\/human-dignity\/","og_site_name":"Franciscan Missions","article_publisher":"https:\/\/www.facebook.com\/franciscanmissions\/","article_modified_time":"2025-04-24T20:35:12+00:00","twitter_card":"summary_large_image","twitter_misc":{"Tiempo de lectura":"8 minutos"},"schema":{"@context":"https:\/\/schema.org","@graph":[{"@type":"WebPage","@id":"https:\/\/franciscanmissions.org\/projects\/human-dignity\/","url":"https:\/\/franciscanmissions.org\/projects\/human-dignity\/","name":"Reclamar la dignidad humana - Misiones Franciscanas","isPartOf":{"@id":"https:\/\/franciscanmissions.org\/#website"},"datePublished":"2016-12-22T22:52:05+00:00","dateModified":"2025-04-24T20:35:12+00:00","description":"Todo ser humano posee una dignidad infinita, pero con demasiada frecuencia las dificultades conducen a la injusticia. Ayude a recuperar la dignidad humana para los m\u00e1s vulnerables del mundo.","breadcrumb":{"@id":"https:\/\/franciscanmissions.org\/projects\/human-dignity\/#breadcrumb"},"inLanguage":"es","potentialAction":[{"@type":"ReadAction","target":["https:\/\/franciscanmissions.org\/projects\/human-dignity\/"]}]},{"@type":"BreadcrumbList","@id":"https:\/\/franciscanmissions.org\/projects\/human-dignity\/#breadcrumb","itemListElement":[{"@type":"ListItem","position":1,"name":"Home","item":"https:\/\/franciscanmissions.org\/"},{"@type":"ListItem","position":2,"name":"Projects","item":"https:\/\/franciscanmissions.org\/projects\/"},{"@type":"ListItem","position":3,"name":"Human Dignity"}]},{"@type":"WebSite","@id":"https:\/\/franciscanmissions.org\/#website","url":"https:\/\/franciscanmissions.org\/","name":"las misiones franciscanas","description":"Juntos, entregamos esperanza","publisher":{"@id":"https:\/\/franciscanmissions.org\/#organization"},"potentialAction":[{"@type":"SearchAction","target":{"@type":"EntryPoint","urlTemplate":"https:\/\/franciscanmissions.org\/?s={search_term_string}"},"query-input":{"@type":"PropertyValueSpecification","valueRequired":true,"valueName":"search_term_string"}}],"inLanguage":"es"},{"@type":"Organization","@id":"https:\/\/franciscanmissions.org\/#organization","name":"las misiones franciscanas","url":"https:\/\/franciscanmissions.org\/","logo":{"@type":"ImageObject","inLanguage":"es","@id":"https:\/\/franciscanmissions.org\/#\/schema\/logo\/image\/","url":"https:\/\/franciscanmissions.org\/wp-content\/uploads\/2019\/01\/fm_logo@2x.png","contentUrl":"https:\/\/franciscanmissions.org\/wp-content\/uploads\/2019\/01\/fm_logo@2x.png","width":304,"height":108,"caption":"Franciscan Missions"},"image":{"@id":"https:\/\/franciscanmissions.org\/#\/schema\/logo\/image\/"},"sameAs":["https:\/\/www.facebook.com\/franciscanmissions\/"]}]}},"_links":{"self":[{"href":"https:\/\/franciscanmissions.org\/es\/wp-json\/wp\/v2\/pages\/7142","targetHints":{"allow":["GET"]}}],"collection":[{"href":"https:\/\/franciscanmissions.org\/es\/wp-json\/wp\/v2\/pages"}],"about":[{"href":"https:\/\/franciscanmissions.org\/es\/wp-json\/wp\/v2\/types\/page"}],"author":[{"embeddable":true,"href":"https:\/\/franciscanmissions.org\/es\/wp-json\/wp\/v2\/users\/14"}],"replies":[{"embeddable":true,"href":"https:\/\/franciscanmissions.org\/es\/wp-json\/wp\/v2\/comments?post=7142"}],"version-history":[{"count":9,"href":"https:\/\/franciscanmissions.org\/es\/wp-json\/wp\/v2\/pages\/7142\/revisions"}],"predecessor-version":[{"id":7584,"href":"https:\/\/franciscanmissions.org\/es\/wp-json\/wp\/v2\/pages\/7142\/revisions\/7584"}],"up":[{"embeddable":true,"href":"https:\/\/franciscanmissions.org\/es\/wp-json\/wp\/v2\/pages\/2983"}],"wp:attachment":[{"href":"https:\/\/franciscanmissions.org\/es\/wp-json\/wp\/v2\/media?parent=7142"}],"curies":[{"name":"wp","href":"https:\/\/api.w.org\/{rel}","templated":true}]}}