{"id":6427,"date":"2024-08-05T16:01:12","date_gmt":"2024-08-05T20:01:12","guid":{"rendered":"https:\/\/franciscanmissions.org\/?page_id=6427"},"modified":"2026-03-16T11:41:19","modified_gmt":"2026-03-16T15:41:19","slug":"faq","status":"publish","type":"page","link":"https:\/\/franciscanmissions.org\/es\/our-story\/faq\/","title":{"rendered":"Preguntas m\u00e1s frecuentes"},"content":{"rendered":"<p><div class=\"fusion-fullwidth fullwidth-box fusion-builder-row-1 fusion-flex-container nonhundred-percent-fullwidth non-hundred-percent-height-scrolling\" style=\"background-color: #ffffff;background-position: center center;background-repeat: no-repeat;border-width: 0px 0px 0px 0px;border-color:#eae9e9;border-style:solid;\" ><div class=\"fusion-builder-row fusion-row fusion-flex-align-items-flex-start\" style=\"max-width:1216.8px;margin-left: calc(-4% \/ 2 );margin-right: calc(-4% \/ 2 );\"><div class=\"fusion-layout-column fusion_builder_column fusion-builder-column-0 fusion_builder_column_1_1 1_1 fusion-flex-column\"><div class=\"fusion-column-wrapper fusion-flex-justify-content-flex-start fusion-content-layout-column\" style=\"background-position:left top;background-repeat:no-repeat;-webkit-background-size:cover;-moz-background-size:cover;-o-background-size:cover;background-size:cover;padding: 0px 0px 0px 0px;\"><style type=\"text\/css\">@media only screen and (max-width:1024px) {.fusion-title.fusion-title-1{margin-top:0px!important; margin-right:0px!important;margin-bottom:31px!important;margin-left:0px!important;}}@media only screen and (max-width:640px) {.fusion-title.fusion-title-1{margin-top:10px!important; margin-right:0px!important;margin-bottom:10px!important; margin-left:0px!important;}}<\/style><div class=\"fusion-title title fusion-title-1 fusion-sep-none fusion-title-text fusion-title-size-one\" style=\"margin-top:0px;margin-right:0px;margin-bottom:31px;margin-left:0px;\"><h1 class=\"title-heading-left fusion-responsive-typography-calculated\" style=\"margin:0;--fontSize:50;line-height:1.30;\"><h1>Preguntas frecuentes<\/h1><\/h1><\/div><div ><span class=\"fusion-imageframe imageframe-none imageframe-1 hover-type-none\" style=\"max-width:600px;\"><img decoding=\"async\" width=\"1024\" height=\"508\" title=\"365701466_660722806087489_8121191580900795009_n\" src=\"https:\/\/franciscanmissions.org\/wp-content\/uploads\/2023\/08\/365701466_660722806087489_8121191580900795009_n-e1722622790884.jpg\" class=\"img-responsive wp-image-5847\" srcset=\"https:\/\/franciscanmissions.org\/wp-content\/uploads\/2023\/08\/365701466_660722806087489_8121191580900795009_n-e1722622790884-200x99.jpg 200w, https:\/\/franciscanmissions.org\/wp-content\/uploads\/2023\/08\/365701466_660722806087489_8121191580900795009_n-e1722622790884-400x198.jpg 400w, https:\/\/franciscanmissions.org\/wp-content\/uploads\/2023\/08\/365701466_660722806087489_8121191580900795009_n-e1722622790884-600x298.jpg 600w, https:\/\/franciscanmissions.org\/wp-content\/uploads\/2023\/08\/365701466_660722806087489_8121191580900795009_n-e1722622790884-800x397.jpg 800w, https:\/\/franciscanmissions.org\/wp-content\/uploads\/2023\/08\/365701466_660722806087489_8121191580900795009_n-e1722622790884.jpg 1024w\" sizes=\"(max-width: 1024px) 100vw, (max-width: 640px) 100vw, 1024px\" \/><\/span><\/div><style type=\"text\/css\">.fusion-accordian  #accordion-6427-1 .panel-title a .fa-fusion-box{ color: #f1f2f2;}.fusion-accordian  #accordion-6427-1 .panel-title a .fa-fusion-box:before{ font-size: 20px; width: 20px;}.fusion-accordian  #accordion-6427-1 .panel-title a{font-size:28px;}.fusion-accordian  #accordion-6427-1 .fa-fusion-box { background-color: #4a2e16;border-color: #4a2e16;}.fusion-accordian  #accordion-6427-1 .panel-title a:hover, #accordion-6427-1 .fusion-toggle-boxed-mode:hover .panel-title a { color: #6d5944;}.fusion-accordian  #accordion-6427-1 .panel-title .active .fa-fusion-box,.fusion-accordian  #accordion-6427-1 .panel-title a:hover .fa-fusion-box { background-color: #6d5944!important;border-color: #6d5944!important;}<\/style><div class=\"accordian fusion-accordian\"><div class=\"panel-group\" id=\"accordion-6427-1\"><div class=\"fusion-panel panel-default\"><div class=\"panel-heading\"><h4 class=\"panel-title toggle\"><a aria-expanded=\"false\" aria-controls=\"e8bdce9fe1574f978\" role=\"button\" data-toggle=\"collapse\" data-parent=\"#accordion-6427-1\" data-target=\"#e8bdce9fe1574f978\" href=\"#e8bdce9fe1574f978\"><span class=\"fusion-toggle-icon-wrapper\" aria-hidden=\"true\"><i class=\"fa-fusion-box\" aria-hidden=\"true\"><\/i><\/span><span class=\"fusion-toggle-heading\">\u00bfQu\u00e9 es la Secretar\u00eda General de las Misiones Franciscanas?<\/span><\/a><\/h4><\/div><div id=\"e8bdce9fe1574f978\" class=\"panel-collapse collapse\"><div class=\"panel-body toggle-content fusion-clearfix\">\n<p>El Secretariado General de las Misiones Franciscanas, m\u00e1s com\u00fanmente conocida como \u201clas Misiones Franciscanas\u201d, fue fundada en los Estados Unidos por la Curia General de la Orden de los Frailes Menores en 1964 bajo la direcci\u00f3n del Ministro General Padre Constantino Koser, OFM para promover el trabajo de los franciscanos en la misi\u00f3n de la Iglesia a todas las personas en todo el mundo.<\/p>\n<p>La oficina de las Misiones Franciscanas se desarroll\u00f3 durante 42 a\u00f1os bajo la direcci\u00f3n del Padre Sereno Baiardi, OFM y el Padre Sante DeAngelis, OFM y con la ayuda m\u00e1s reciente del Padre Ponciano Macabalo, OFM, hasta convertirse en una operaci\u00f3n que apoyaba proyectos misioneros en todo el mundo. En 2013, Franciscan Missions se reorganiz\u00f3 como una corporaci\u00f3n sin fines de lucro con sede en los Estados Unidos en el estado de Wisconsin con el fin de facilitar mejor la recaudaci\u00f3n de fondos en los Estados Unidos y la distribuci\u00f3n de estos fondos de manera legal en todo el mundo. En esta reorganizaci\u00f3n, Franciscan Missions cuenta con el respaldo del Definitorio del Ministro General (equipo de liderazgo) en Roma, pero es propiedad y est\u00e1 operada por una Junta Directiva en los Estados Unidos.<\/p>\n<p>El Consejo Directivo est\u00e1 formado por frailes de las dos provincias de los Estados Unidos (o sus frailes delegados), el Definidor General de habla inglesa, el Secretario General para Misiones y Evangelizaci\u00f3n y el Secretario General para Formaci\u00f3n y Estudios.<\/p>\n<\/div><\/div><\/div><div class=\"fusion-panel panel-default\"><div class=\"panel-heading\"><h4 class=\"panel-title toggle\"><a aria-expanded=\"false\" aria-controls=\"d26253c995c069145\" role=\"button\" data-toggle=\"collapse\" data-parent=\"#accordion-6427-1\" data-target=\"#d26253c995c069145\" href=\"#d26253c995c069145\"><span class=\"fusion-toggle-icon-wrapper\" aria-hidden=\"true\"><i class=\"fa-fusion-box\" aria-hidden=\"true\"><\/i><\/span><span class=\"fusion-toggle-heading\">\u00bfMi donaci\u00f3n es deducible de impuestos?<\/span><\/a><\/h4><\/div><div id=\"d26253c995c069145\" class=\"panel-collapse collapse\"><div class=\"panel-body toggle-content fusion-clearfix\">\n<p>S\u00ed, las Misiones Franciscanas son una organizaci\u00f3n sin fines de lucro 501(c)(3) y todas las donaciones son deducibles de impuestos.<\/p>\n<p><strong>Nombre legal:<\/strong> Secretar\u00eda General de las Misiones Franciscanas, Inc.<\/p>\n<p><strong>Identificaci\u00f3n exenta de impuestos:<\/strong> 39-1396579<\/p>\n<p><strong>DIRECCI\u00d3N:<\/strong><\/p>\n<p>CORREOS. Caja 130<br \/>\nWaterford, WI 53185<\/p>\n<\/div><\/div><\/div><div class=\"fusion-panel panel-default\"><div class=\"panel-heading\"><h4 class=\"panel-title toggle\"><a aria-expanded=\"false\" aria-controls=\"68fb7d9b669105e23\" role=\"button\" data-toggle=\"collapse\" data-parent=\"#accordion-6427-1\" data-target=\"#68fb7d9b669105e23\" href=\"#68fb7d9b669105e23\"><span class=\"fusion-toggle-icon-wrapper\" aria-hidden=\"true\"><i class=\"fa-fusion-box\" aria-hidden=\"true\"><\/i><\/span><span class=\"fusion-toggle-heading\">\u00bfCu\u00e1l es la labor de las Misiones Franciscanas?<\/span><\/a><\/h4><\/div><div id=\"68fb7d9b669105e23\" class=\"panel-collapse collapse\"><div class=\"panel-body toggle-content fusion-clearfix\">\n<p>La misi\u00f3n es la misma que en 1964, es decir, promover la obra misionera de la Orden Franciscana.<\/p>\n<p>Los objetivos espec\u00edficos tal y como se describen en sus estatutos y reglamentos son:<\/p>\n<ol>\n<li>Proporcionar apoyo financiero directo a las misiones de la Orden en todo el mundo, tanto a trav\u00e9s de subvenciones para proyectos espec\u00edficos como de intenciones de Misas y estipendios para misioneros.<\/li>\n<li>Brindar apoyo financiero para la formaci\u00f3n de futuros misioneros. Esto se realiza a trav\u00e9s de subvenciones econ\u00f3micas para proyectos de formaci\u00f3n.<\/li>\n<li>Educar al mundo, particularmente en los Estados Unidos, sobre la obra misionera de la Orden. Esto se hace actualmente trayendo frailes misioneros para predicar en parroquias para la promoci\u00f3n de las misiones y mediante un bolet\u00edn peri\u00f3dico a los donantes para informarles sobre la obra de los misioneros en todo el mundo. Mantenemos una \u201cfraternidad misionera\u201d en Waterford, una fraternidad internacional de frailes misioneros, cuyo prop\u00f3sito ser\u00e1 orar por las misiones y los misioneros y dar a conocer las misiones franciscanas mediante la predicaci\u00f3n y la ense\u00f1anza.<\/li>\n<\/ol>\n<\/div><\/div><\/div><div class=\"fusion-panel panel-default\"><div class=\"panel-heading\"><h4 class=\"panel-title toggle\"><a aria-expanded=\"false\" aria-controls=\"ac53c92e88562adc6\" role=\"button\" data-toggle=\"collapse\" data-parent=\"#accordion-6427-1\" data-target=\"#ac53c92e88562adc6\" href=\"#ac53c92e88562adc6\"><span class=\"fusion-toggle-icon-wrapper\" aria-hidden=\"true\"><i class=\"fa-fusion-box\" aria-hidden=\"true\"><\/i><\/span><span class=\"fusion-toggle-heading\">\u00bfQu\u00e9 proyectos financian las Misiones Franciscanas?<\/span><\/a><\/h4><\/div><div id=\"ac53c92e88562adc6\" class=\"panel-collapse collapse\"><div class=\"panel-body toggle-content fusion-clearfix\">\n<p>Franciscan Missions centra su financiaci\u00f3n en proyectos franciscanos, proyectos de provincias, custodias y fundaciones, proyectos con frailes, proyectos que apoyan directamente una necesidad, pero que potencian la autosuficiencia cuando es posible. Tambi\u00e9n se incluyen proyectos aprobados por la Curia General en Roma.<\/p>\n<p>Los fondos han apoyado orfanatos, comedores populares, cl\u00ednicas m\u00e9dicas, sistemas de agua de pozo y el desarrollo de granjas para alimentar y ense\u00f1ar a otros a cultivar. Hemos brindado ayuda humanitaria en Hait\u00ed, Filipinas, India, Ecuador, Ucrania y decenas de otros pa\u00edses.<\/p>\n<p>Hemos financiado la educaci\u00f3n de misioneros franciscanos, as\u00ed como la construcci\u00f3n de iglesias, cl\u00ednicas, dispensarios m\u00e9dicos, viviendas para los pobres y casas de formaci\u00f3n para estudiantes franciscanos.<\/p>\n<\/div><\/div><\/div><div class=\"fusion-panel panel-default\"><div class=\"panel-heading\"><h4 class=\"panel-title toggle\"><a aria-expanded=\"false\" aria-controls=\"1f53191fd86e3a80e\" role=\"button\" data-toggle=\"collapse\" data-parent=\"#accordion-6427-1\" data-target=\"#1f53191fd86e3a80e\" href=\"#1f53191fd86e3a80e\"><span class=\"fusion-toggle-icon-wrapper\" aria-hidden=\"true\"><i class=\"fa-fusion-box\" aria-hidden=\"true\"><\/i><\/span><span class=\"fusion-toggle-heading\">\u00bfC\u00f3mo puede una entidad franciscana solicitar financiaci\u00f3n de las Misiones Franciscanas?<\/span><\/a><\/h4><\/div><div id=\"1f53191fd86e3a80e\" class=\"panel-collapse collapse\"><div class=\"panel-body toggle-content fusion-clearfix\">\n<p>Las autoridades competentes para la presentaci\u00f3n de solicitudes de proyectos incluyen el Director Ejecutivo de las Misiones Franciscanas, los ministros provinciales, el custodio o el presidente de una fundaci\u00f3n de la Orden de los Frailes Menores (con el respaldo de un ministro provincial o custodio).<\/p>\n<p>Todas las solicitudes de proyectos se env\u00edan a la Junta Directiva de las Misiones Franciscanas, que se re\u00fane cuatro veces al a\u00f1o. La Junta examina y aprueba las solicitudes por mayor\u00eda de votos. Informamos a la Oficina de Desarrollo de la Curia General en Roma sobre las solicitudes de financiaci\u00f3n aprobadas. De esta manera, se coordinan las solicitudes y se evitan las duplicaciones.<\/p>\n<p>Existe un requisito de rendici\u00f3n de cuentas. Esperamos que se nos notifique cu\u00e1ndo se reciben los fondos y que se nos presente un informe sobre c\u00f3mo se gastaron realmente.<\/p>\n<\/div><\/div><\/div><div class=\"fusion-panel panel-default\"><div class=\"panel-heading\"><h4 class=\"panel-title toggle\"><a aria-expanded=\"false\" aria-controls=\"e077ac924147ac27f\" role=\"button\" data-toggle=\"collapse\" data-parent=\"#accordion-6427-1\" data-target=\"#e077ac924147ac27f\" href=\"#e077ac924147ac27f\"><span class=\"fusion-toggle-icon-wrapper\" aria-hidden=\"true\"><i class=\"fa-fusion-box\" aria-hidden=\"true\"><\/i><\/span><span class=\"fusion-toggle-heading\">\u00bfQu\u00e9 necesita las Misiones Franciscanas de nuestros amigos y bienhechores?<\/span><\/a><\/h4><\/div><div id=\"e077ac924147ac27f\" class=\"panel-collapse collapse\"><div class=\"panel-body toggle-content fusion-clearfix\">\n<h3>REZO<\/h3>\n<p>Oremos por el trabajo misionero de la Orden, por los muchos misioneros y proyectos misioneros, por las vocaciones misioneras de los frailes y por nuestros numerosos donantes que apoyan las misiones.<\/p>\n<h3>APOYO<\/h3>\n<p>Animamos a nuestros amigos y benefactores como usted a apoyar las misiones con <a href=\"https:\/\/give.franciscanmissions.org\/single-donation?_gl=1*1m4usiv*_gcl_aw*R0NMLjE3MTg4MDI5NDguQ2p3S0NBandnOHF6QmhBb0Vpd0FXYWdMckhPZkNBN1draWJicW04YVlqLTF6UXl5dVo5b0tHYmVnRTdhanRuUjJNdFNZaE9hQ0poSVl4b0NQbE1RQXZEX0J3RQ..*_gcl_au*MTk3NDI4MTM2NC4xNzE2MjI1MjIw\">regalos financieros<\/a>Tambi\u00e9n puedes recordar las Misiones Franciscanas <a href=\"https:\/\/giftplanning.franciscanmissions.org\/\" target=\"_blank\" rel=\"noopener\">en tu testamento<\/a>.<\/p>\n<\/div><\/div><\/div><\/div><\/div><\/div><style type=\"text\/css\">.fusion-body .fusion-builder-column-0{width:100% !important;margin-top : 0px;margin-bottom : 20px;}.fusion-builder-column-0 > .fusion-column-wrapper {padding-top : 0px !important;padding-right : 0px !important;margin-right : 1.92%;padding-bottom : 0px !important;padding-left : 0px !important;margin-left : 1.92%;}@media only screen and (max-width:1024px) {.fusion-body .fusion-builder-column-0{width:100% !important;order : 0;}.fusion-builder-column-0 > .fusion-column-wrapper {margin-right : 1.92%;margin-left : 1.92%;}}@media only screen and (max-width:640px) {.fusion-body .fusion-builder-column-0{width:100% !important;order : 0;}.fusion-builder-column-0 > .fusion-column-wrapper {margin-right : 1.92%;margin-left : 1.92%;}}<\/style><\/div><\/div><style type=\"text\/css\">.fusion-body .fusion-flex-container.fusion-builder-row-1{ padding-top : 20px;margin-top : 0px;padding-right : 0px;padding-bottom : 20px;margin-bottom : 0px;padding-left : 0px;}<\/style><\/div><div class=\"fusion-fullwidth fullwidth-box fusion-builder-row-2 fusion-flex-container nonhundred-percent-fullwidth non-hundred-percent-height-scrolling\" style=\"background-color: #ffffff;background-position: center center;background-repeat: no-repeat;border-width: 0px 0px 0px 0px;border-color:#eae9e9;border-style:solid;\" ><div class=\"fusion-builder-row fusion-row fusion-flex-align-items-flex-start\" style=\"max-width:1216.8px;margin-left: calc(-4% \/ 2 );margin-right: calc(-4% \/ 2 );\"><div class=\"fusion-layout-column fusion_builder_column fusion-builder-column-1 fusion_builder_column_1_1 1_1 fusion-flex-column\"><div class=\"fusion-column-wrapper fusion-flex-justify-content-flex-start fusion-content-layout-column\" style=\"background-position:left top;background-repeat:no-repeat;-webkit-background-size:cover;-moz-background-size:cover;-o-background-size:cover;background-size:cover;padding: 0px 0px 0px 0px;\"><\/div><style type=\"text\/css\">.fusion-body .fusion-builder-column-1{width:100% !important;margin-top : 0px;margin-bottom : 20px;}.fusion-builder-column-1 > .fusion-column-wrapper {padding-top : 0px !important;padding-right : 0px !important;margin-right : 1.92%;padding-bottom : 0px !important;padding-left : 0px !important;margin-left : 1.92%;}@media only screen and (max-width:1024px) {.fusion-body .fusion-builder-column-1{width:100% !important;order : 0;}.fusion-builder-column-1 > .fusion-column-wrapper {margin-right : 1.92%;margin-left : 1.92%;}}@media only screen and (max-width:640px) {.fusion-body .fusion-builder-column-1{width:100% !important;order : 0;}.fusion-builder-column-1 > .fusion-column-wrapper {margin-right : 1.92%;margin-left : 1.92%;}}<\/style><\/div><\/div><style type=\"text\/css\">.fusion-body .fusion-flex-container.fusion-builder-row-2{ padding-top : 20px;margin-top : 0px;padding-right : 0px;padding-bottom : 20px;margin-bottom : 0px;padding-left : 0px;}<\/style><\/div><\/p>","protected":false},"excerpt":{"rendered":"","protected":false},"author":14,"featured_media":0,"parent":3016,"menu_order":5,"comment_status":"closed","ping_status":"closed","template":"side-navigation.php","meta":{"_acf_changed":false,"footnotes":""},"class_list":["post-6427","page","type-page","status-publish","hentry"],"acf":[],"yoast_head":"<!-- This site is optimized with the Yoast SEO Premium plugin v27.1 (Yoast SEO v27.1.1) - https:\/\/yoast.com\/product\/yoast-seo-premium-wordpress\/ -->\n<title>FAQ - Franciscan Missions<\/title>\n<meta name=\"robots\" content=\"index, follow, max-snippet:-1, max-image-preview:large, max-video-preview:-1\" \/>\n<link rel=\"canonical\" href=\"https:\/\/franciscanmissions.org\/es\/our-story\/faq\/\" \/>\n<meta property=\"og:locale\" content=\"es_MX\" \/>\n<meta property=\"og:type\" content=\"article\" \/>\n<meta property=\"og:title\" content=\"FAQ\" \/>\n<meta property=\"og:url\" content=\"https:\/\/franciscanmissions.org\/es\/our-story\/faq\/\" \/>\n<meta property=\"og:site_name\" content=\"Franciscan Missions\" \/>\n<meta property=\"article:publisher\" content=\"https:\/\/www.facebook.com\/franciscanmissions\/\" \/>\n<meta property=\"article:modified_time\" content=\"2026-03-16T15:41:19+00:00\" \/>\n<meta name=\"twitter:card\" content=\"summary_large_image\" \/>\n<meta name=\"twitter:label1\" content=\"Tiempo de lectura\" \/>\n\t<meta name=\"twitter:data1\" content=\"6 minutos\" \/>\n<script type=\"application\/ld+json\" class=\"yoast-schema-graph\">{\"@context\":\"https:\/\/schema.org\",\"@graph\":[{\"@type\":\"WebPage\",\"@id\":\"https:\/\/franciscanmissions.org\/our-story\/faq\/\",\"url\":\"https:\/\/franciscanmissions.org\/our-story\/faq\/\",\"name\":\"FAQ - Franciscan Missions\",\"isPartOf\":{\"@id\":\"https:\/\/franciscanmissions.org\/#website\"},\"datePublished\":\"2024-08-05T20:01:12+00:00\",\"dateModified\":\"2026-03-16T15:41:19+00:00\",\"breadcrumb\":{\"@id\":\"https:\/\/franciscanmissions.org\/our-story\/faq\/#breadcrumb\"},\"inLanguage\":\"es\",\"potentialAction\":[{\"@type\":\"ReadAction\",\"target\":[\"https:\/\/franciscanmissions.org\/our-story\/faq\/\"]}]},{\"@type\":\"BreadcrumbList\",\"@id\":\"https:\/\/franciscanmissions.org\/our-story\/faq\/#breadcrumb\",\"itemListElement\":[{\"@type\":\"ListItem\",\"position\":1,\"name\":\"Home\",\"item\":\"https:\/\/franciscanmissions.org\/\"},{\"@type\":\"ListItem\",\"position\":2,\"name\":\"Our Story\",\"item\":\"https:\/\/franciscanmissions.org\/our-story\/\"},{\"@type\":\"ListItem\",\"position\":3,\"name\":\"FAQ\"}]},{\"@type\":\"WebSite\",\"@id\":\"https:\/\/franciscanmissions.org\/#website\",\"url\":\"https:\/\/franciscanmissions.org\/\",\"name\":\"Franciscan Missions\",\"description\":\"Together, we deliver hope\",\"publisher\":{\"@id\":\"https:\/\/franciscanmissions.org\/#organization\"},\"potentialAction\":[{\"@type\":\"SearchAction\",\"target\":{\"@type\":\"EntryPoint\",\"urlTemplate\":\"https:\/\/franciscanmissions.org\/?s={search_term_string}\"},\"query-input\":{\"@type\":\"PropertyValueSpecification\",\"valueRequired\":true,\"valueName\":\"search_term_string\"}}],\"inLanguage\":\"es\"},{\"@type\":\"Organization\",\"@id\":\"https:\/\/franciscanmissions.org\/#organization\",\"name\":\"Franciscan Missions\",\"url\":\"https:\/\/franciscanmissions.org\/\",\"logo\":{\"@type\":\"ImageObject\",\"inLanguage\":\"es\",\"@id\":\"https:\/\/franciscanmissions.org\/#\/schema\/logo\/image\/\",\"url\":\"https:\/\/franciscanmissions.org\/wp-content\/uploads\/2019\/01\/fm_logo@2x.png\",\"contentUrl\":\"https:\/\/franciscanmissions.org\/wp-content\/uploads\/2019\/01\/fm_logo@2x.png\",\"width\":304,\"height\":108,\"caption\":\"Franciscan Missions\"},\"image\":{\"@id\":\"https:\/\/franciscanmissions.org\/#\/schema\/logo\/image\/\"},\"sameAs\":[\"https:\/\/www.facebook.com\/franciscanmissions\/\"]}]}<\/script>\n<!-- \/ Yoast SEO Premium plugin. -->","yoast_head_json":{"title":"Preguntas frecuentes - Misiones Franciscanas","robots":{"index":"index","follow":"follow","max-snippet":"max-snippet:-1","max-image-preview":"max-image-preview:large","max-video-preview":"max-video-preview:-1"},"canonical":"https:\/\/franciscanmissions.org\/es\/our-story\/faq\/","og_locale":"es_MX","og_type":"article","og_title":"FAQ","og_url":"https:\/\/franciscanmissions.org\/es\/our-story\/faq\/","og_site_name":"Franciscan Missions","article_publisher":"https:\/\/www.facebook.com\/franciscanmissions\/","article_modified_time":"2026-03-16T15:41:19+00:00","twitter_card":"summary_large_image","twitter_misc":{"Tiempo de lectura":"6 minutos"},"schema":{"@context":"https:\/\/schema.org","@graph":[{"@type":"WebPage","@id":"https:\/\/franciscanmissions.org\/our-story\/faq\/","url":"https:\/\/franciscanmissions.org\/our-story\/faq\/","name":"Preguntas frecuentes - Misiones Franciscanas","isPartOf":{"@id":"https:\/\/franciscanmissions.org\/#website"},"datePublished":"2024-08-05T20:01:12+00:00","dateModified":"2026-03-16T15:41:19+00:00","breadcrumb":{"@id":"https:\/\/franciscanmissions.org\/our-story\/faq\/#breadcrumb"},"inLanguage":"es","potentialAction":[{"@type":"ReadAction","target":["https:\/\/franciscanmissions.org\/our-story\/faq\/"]}]},{"@type":"BreadcrumbList","@id":"https:\/\/franciscanmissions.org\/our-story\/faq\/#breadcrumb","itemListElement":[{"@type":"ListItem","position":1,"name":"Home","item":"https:\/\/franciscanmissions.org\/"},{"@type":"ListItem","position":2,"name":"Our Story","item":"https:\/\/franciscanmissions.org\/our-story\/"},{"@type":"ListItem","position":3,"name":"FAQ"}]},{"@type":"WebSite","@id":"https:\/\/franciscanmissions.org\/#website","url":"https:\/\/franciscanmissions.org\/","name":"las misiones franciscanas","description":"Juntos, entregamos esperanza","publisher":{"@id":"https:\/\/franciscanmissions.org\/#organization"},"potentialAction":[{"@type":"SearchAction","target":{"@type":"EntryPoint","urlTemplate":"https:\/\/franciscanmissions.org\/?s={search_term_string}"},"query-input":{"@type":"PropertyValueSpecification","valueRequired":true,"valueName":"search_term_string"}}],"inLanguage":"es"},{"@type":"Organization","@id":"https:\/\/franciscanmissions.org\/#organization","name":"las misiones franciscanas","url":"https:\/\/franciscanmissions.org\/","logo":{"@type":"ImageObject","inLanguage":"es","@id":"https:\/\/franciscanmissions.org\/#\/schema\/logo\/image\/","url":"https:\/\/franciscanmissions.org\/wp-content\/uploads\/2019\/01\/fm_logo@2x.png","contentUrl":"https:\/\/franciscanmissions.org\/wp-content\/uploads\/2019\/01\/fm_logo@2x.png","width":304,"height":108,"caption":"Franciscan Missions"},"image":{"@id":"https:\/\/franciscanmissions.org\/#\/schema\/logo\/image\/"},"sameAs":["https:\/\/www.facebook.com\/franciscanmissions\/"]}]}},"_links":{"self":[{"href":"https:\/\/franciscanmissions.org\/es\/wp-json\/wp\/v2\/pages\/6427","targetHints":{"allow":["GET"]}}],"collection":[{"href":"https:\/\/franciscanmissions.org\/es\/wp-json\/wp\/v2\/pages"}],"about":[{"href":"https:\/\/franciscanmissions.org\/es\/wp-json\/wp\/v2\/types\/page"}],"author":[{"embeddable":true,"href":"https:\/\/franciscanmissions.org\/es\/wp-json\/wp\/v2\/users\/14"}],"replies":[{"embeddable":true,"href":"https:\/\/franciscanmissions.org\/es\/wp-json\/wp\/v2\/comments?post=6427"}],"version-history":[{"count":30,"href":"https:\/\/franciscanmissions.org\/es\/wp-json\/wp\/v2\/pages\/6427\/revisions"}],"predecessor-version":[{"id":8272,"href":"https:\/\/franciscanmissions.org\/es\/wp-json\/wp\/v2\/pages\/6427\/revisions\/8272"}],"up":[{"embeddable":true,"href":"https:\/\/franciscanmissions.org\/es\/wp-json\/wp\/v2\/pages\/3016"}],"wp:attachment":[{"href":"https:\/\/franciscanmissions.org\/es\/wp-json\/wp\/v2\/media?parent=6427"}],"curies":[{"name":"wp","href":"https:\/\/api.w.org\/{rel}","templated":true}]}}