{"id":5219,"date":"2022-08-10T10:49:52","date_gmt":"2022-08-10T14:49:52","guid":{"rendered":"https:\/\/franciscanmissions.org\/?page_id=5219"},"modified":"2026-03-16T11:41:18","modified_gmt":"2026-03-16T15:41:18","slug":"partners","status":"publish","type":"page","link":"https:\/\/franciscanmissions.org\/es\/our-story\/partners\/","title":{"rendered":"Nuestros compa\u00f1eros"},"content":{"rendered":"<div class=\"fusion-fullwidth fullwidth-box fusion-builder-row-1 nonhundred-percent-fullwidth non-hundred-percent-height-scrolling\" style=\"background-color: #ffffff;background-position: center center;background-repeat: no-repeat;padding-top:20px;padding-right:0px;padding-bottom:20px;padding-left:0px;margin-bottom: 0px;margin-top: 0px;border-width: 0px 0px 0px 0px;border-color:#eae9e9;border-style:solid;\" ><div class=\"fusion-builder-row fusion-row\"><div class=\"fusion-layout-column fusion_builder_column fusion-builder-column-0 fusion_builder_column_1_1 1_1 fusion-one-full fusion-column-first fusion-column-last\" style=\"margin-top:0px;margin-bottom:20px;\"><div class=\"fusion-column-wrapper fusion-flex-column-wrapper-legacy\" style=\"background-position:left top;background-repeat:no-repeat;-webkit-background-size:cover;-moz-background-size:cover;-o-background-size:cover;background-size:cover;padding: 0px 0px 0px 0px;\"><style type=\"text\/css\"><\/style><div class=\"fusion-title title fusion-title-1 fusion-sep-none fusion-title-text fusion-title-size-one\" style=\"margin-top:0px;margin-right:0px;margin-bottom:31px;margin-left:0px;\"><h1 class=\"title-heading-left fusion-responsive-typography-calculated\" style=\"margin:0;--fontSize:50;line-height:1.30;\"><h1><b>Nuestros compa\u00f1eros<\/b><\/h1><\/h1><\/div><div class=\"fusion-text fusion-text-1\"><p><span style=\"font-weight: 400;\">Franciscan Missions se asocia con provincias, \u00f3rdenes y ministerios franciscanos de todo el mundo para llevar a cabo la obra de Cristo en el esp\u00edritu de San Francisco. A continuaci\u00f3n se encuentran algunos de los socios que han ayudado a construir orfanatos, comedores populares, escuelas, iglesias, viviendas, proyectos de agua sostenible, granjas y m\u00e1s.<\/span><\/p>\n<\/div><div class=\"fusion-sep-clear\"><\/div><div class=\"fusion-separator fusion-full-width-sep\" style=\"margin-left: auto;margin-right: auto;margin-top:25px;margin-bottom:25px;width:100%;\"><div class=\"fusion-separator-border sep-single sep-solid\" style=\"border-color:#613314;border-top-width:1px;\"><\/div><\/div><div class=\"fusion-sep-clear\"><\/div><style type=\"text\/css\"><\/style><div class=\"fusion-title title fusion-title-2 fusion-sep-none fusion-title-text fusion-title-size-two\" style=\"margin-top:0px;margin-right:0px;margin-bottom:31px;margin-left:0px;\"><h2 class=\"title-heading-left fusion-responsive-typography-calculated\" style=\"margin:0;--fontSize:42;line-height:1.28;\"><h2><b>La Orden de los Frailes Menores (OFM)<\/b><\/h2><\/h2><\/div><div class=\"fusion-text fusion-text-2\"><p>La Orden de los Frailes Menores (OFM), fundada por San Francisco de As\u00eds, es una fraternidad de frailes que se entregan totalmente a Dios con la profesi\u00f3n de obediencia, pobreza y castidad, para vivirla seg\u00fan el esp\u00edritu de San Francisco. Estos son los hombres que realizan la labor misionera que sus donaciones hacen posible. Cada proyecto financiado por Misiones Franciscanas nace de la idea de uno o m\u00e1s frailes franciscanos que prestan servicio en alg\u00fan lugar del mundo, y es ejecutado por esos mismos frailes en colaboraci\u00f3n con miembros de su comunidad local.<\/p>\n<\/div><div class=\"fusion-button-wrapper\"><style type=\"text\/css\">.fusion-button.button-1 .fusion-button-text, .fusion-button.button-1 i {color:#ffffff;}.fusion-button.button-1 .fusion-button-icon-divider{border-color:#ffffff;}.fusion-button.button-1:hover .fusion-button-text, .fusion-button.button-1:hover i,.fusion-button.button-1:focus .fusion-button-text, .fusion-button.button-1:focus i,.fusion-button.button-1:active .fusion-button-text, .fusion-button.button-1:active{color:#ffffff;}.fusion-button.button-1:hover .fusion-button-icon-divider, .fusion-button.button-1:hover .fusion-button-icon-divider, .fusion-button.button-1:active .fusion-button-icon-divider{border-color:#ffffff;}.fusion-button.button-1:hover, .fusion-button.button-1:focus, .fusion-button.button-1:active{border-color:#ffffff;}.fusion-button.button-1 {border-color:#ffffff;border-radius:0px;}.fusion-button.button-1{background: #d6741d;}.fusion-button.button-1:hover,.button-1:focus,.fusion-button.button-1:active{background: #af6016;}<\/style><a class=\"fusion-button button-flat button-large button-custom button-1 fusion-button-default-span\" target=\"_blank\" rel=\"noopener noreferrer\" href=\"https:\/\/ofm.org\/en\/home.html\"><span class=\"fusion-button-text\">Aprende m\u00e1s<\/span><\/a><\/div><div class=\"fusion-sep-clear\"><\/div><div class=\"fusion-separator fusion-full-width-sep\" style=\"margin-left: auto;margin-right: auto;margin-top:25px;margin-bottom:25px;width:100%;\"><div class=\"fusion-separator-border sep-single sep-solid\" style=\"border-color:#613314;border-top-width:1px;\"><\/div><\/div><div class=\"fusion-sep-clear\"><\/div><style type=\"text\/css\"><\/style><div class=\"fusion-title title fusion-title-3 fusion-sep-none fusion-title-text fusion-title-size-two\" style=\"margin-top:0px;margin-right:0px;margin-bottom:31px;margin-left:0px;\"><h2 class=\"title-heading-left fusion-responsive-typography-calculated\" style=\"margin:0;--fontSize:42;line-height:1.28;\"><h2 style=\"text-align: left;\"><b>Los Frailes Franciscanos (OFM) de la Provincia de Nuestra Se\u00f1ora de Guadalupe<\/b><\/h2><\/h2><\/div><div class=\"fusion-text fusion-text-3\"><p style=\"text-align: left;\">Los Frailes Franciscanos de Nuestra Se\u00f1ora de Guadalupe son una rama de la fraternidad mundial de la Orden de los Frailes Menores (OFM). Trabajando en zonas urbanas y rurales de Estados Unidos, Cuba, Puerto Rico y Jamaica, los frailes de la Provincia de Nuestra Se\u00f1ora de Guadalupe prestan servicios en escuelas y universidades, hospitales, prisiones, parroquias, comedores populares, centros de retiro y m\u00e1s.<\/p>\n<\/div><div class=\"fusion-button-wrapper\"><style type=\"text\/css\">.fusion-button.button-2 .fusion-button-text, .fusion-button.button-2 i {color:#ffffff;}.fusion-button.button-2 .fusion-button-icon-divider{border-color:#ffffff;}.fusion-button.button-2:hover .fusion-button-text, .fusion-button.button-2:hover i,.fusion-button.button-2:focus .fusion-button-text, .fusion-button.button-2:focus i,.fusion-button.button-2:active .fusion-button-text, .fusion-button.button-2:active{color:#ffffff;}.fusion-button.button-2:hover .fusion-button-icon-divider, .fusion-button.button-2:hover .fusion-button-icon-divider, .fusion-button.button-2:active .fusion-button-icon-divider{border-color:#ffffff;}.fusion-button.button-2:hover, .fusion-button.button-2:focus, .fusion-button.button-2:active{border-color:#ffffff;}.fusion-button.button-2 {border-color:#ffffff;border-radius:0px;}.fusion-button.button-2{background: #d6741d;}.fusion-button.button-2:hover,.button-2:focus,.fusion-button.button-2:active{background: #af6016;}<\/style><a class=\"fusion-button button-flat button-large button-custom button-2 fusion-button-default-span\" target=\"_blank\" rel=\"noopener noreferrer\" href=\"https:\/\/friars.us\/\"><span class=\"fusion-button-text\">Aprende m\u00e1s<\/span><\/a><\/div><div class=\"fusion-sep-clear\"><\/div><div class=\"fusion-separator fusion-full-width-sep\" style=\"margin-left: auto;margin-right: auto;margin-top:25px;margin-bottom:25px;width:100%;\"><div class=\"fusion-separator-border sep-single sep-solid\" style=\"border-color:#613314;border-top-width:1px;\"><\/div><\/div><div class=\"fusion-sep-clear\"><\/div><style type=\"text\/css\"><\/style><div class=\"fusion-title title fusion-title-4 fusion-sep-none fusion-title-text fusion-title-size-two\" style=\"margin-top:0px;margin-right:0px;margin-bottom:31px;margin-left:0px;\"><h2 class=\"title-heading-left fusion-responsive-typography-calculated\" style=\"margin:0;--fontSize:42;line-height:1.28;\"><h2 style=\"text-align: left;\"><b>medios franciscanos<\/b><\/h2><\/h2><\/div><div class=\"fusion-text fusion-text-4\"><p style=\"text-align: left;\">Medios Franciscanos es un ministerio patrocinado por los Frailes Franciscanos de la Provincia de Nuestra Se\u00f1ora de Guadalupe. Su objetivo es inspirar un mundo lleno de amor que abrace el esp\u00edritu franciscano de armon\u00eda, alegr\u00eda y sencillez, proporcionando recursos para renovar el esp\u00edritu y compartir el amor de Dios con el esp\u00edritu de San Francisco y Santa Clara.<\/p>\n<\/div><div class=\"fusion-button-wrapper\"><style type=\"text\/css\">.fusion-button.button-3 .fusion-button-text, .fusion-button.button-3 i {color:#ffffff;}.fusion-button.button-3 .fusion-button-icon-divider{border-color:#ffffff;}.fusion-button.button-3:hover .fusion-button-text, .fusion-button.button-3:hover i,.fusion-button.button-3:focus .fusion-button-text, .fusion-button.button-3:focus i,.fusion-button.button-3:active .fusion-button-text, .fusion-button.button-3:active{color:#ffffff;}.fusion-button.button-3:hover .fusion-button-icon-divider, .fusion-button.button-3:hover .fusion-button-icon-divider, .fusion-button.button-3:active .fusion-button-icon-divider{border-color:#ffffff;}.fusion-button.button-3:hover, .fusion-button.button-3:focus, .fusion-button.button-3:active{border-color:#ffffff;}.fusion-button.button-3 {border-color:#ffffff;border-radius:0px;}.fusion-button.button-3{background: #d6741d;}.fusion-button.button-3:hover,.button-3:focus,.fusion-button.button-3:active{background: #af6016;}<\/style><a class=\"fusion-button button-flat button-large button-custom button-3 fusion-button-default-span\" target=\"_blank\" rel=\"noopener noreferrer\" href=\"https:\/\/www.franciscanmedia.org\/\"><span class=\"fusion-button-text\">Aprende m\u00e1s<\/span><\/a><\/div><div class=\"fusion-sep-clear\"><\/div><div class=\"fusion-separator fusion-full-width-sep\" style=\"margin-left: auto;margin-right: auto;margin-top:25px;margin-bottom:25px;width:100%;\"><div class=\"fusion-separator-border sep-single sep-solid\" style=\"border-color:#613314;border-top-width:1px;\"><\/div><\/div><div class=\"fusion-sep-clear\"><\/div><style type=\"text\/css\"><\/style><div class=\"fusion-title title fusion-title-5 fusion-sep-none fusion-title-text fusion-title-size-two\" style=\"margin-top:0px;margin-right:0px;margin-bottom:31px;margin-left:0px;\"><h2 class=\"title-heading-left fusion-responsive-typography-calculated\" style=\"margin:0;--fontSize:42;line-height:1.28;\"><h2 style=\"text-align: left;\"><b>La Orden Franciscana Seglar (FOS)<\/b><\/h2><\/h2><\/div><div class=\"fusion-text fusion-text-5\"><p style=\"text-align: left;\">La Orden Franciscana Seglar (OFS) es una comunidad mundial de hombres y mujeres cat\u00f3licos laicos que se esfuerzan por vivir el Evangelio en su vida diaria, siguiendo el ejemplo de San Francisco. Los franciscanos seglares, tambi\u00e9n conocidos como la Tercera Orden, viven en el mundo (no en comunidades religiosas) y no est\u00e1n obligados a hacer votos religiosos. Est\u00e1n casados o solteros y ejercen diversas profesiones. Su deseo es hacer vivir el Evangelio dondequiera que vivan y trabajen.<\/p>\n<\/div><div class=\"fusion-button-wrapper\"><style type=\"text\/css\">.fusion-button.button-4 .fusion-button-text, .fusion-button.button-4 i {color:#ffffff;}.fusion-button.button-4 .fusion-button-icon-divider{border-color:#ffffff;}.fusion-button.button-4:hover .fusion-button-text, .fusion-button.button-4:hover i,.fusion-button.button-4:focus .fusion-button-text, .fusion-button.button-4:focus i,.fusion-button.button-4:active .fusion-button-text, .fusion-button.button-4:active{color:#ffffff;}.fusion-button.button-4:hover .fusion-button-icon-divider, .fusion-button.button-4:hover .fusion-button-icon-divider, .fusion-button.button-4:active .fusion-button-icon-divider{border-color:#ffffff;}.fusion-button.button-4:hover, .fusion-button.button-4:focus, .fusion-button.button-4:active{border-color:#ffffff;}.fusion-button.button-4 {border-color:#ffffff;border-radius:0px;}.fusion-button.button-4{background: #d6741d;}.fusion-button.button-4:hover,.button-4:focus,.fusion-button.button-4:active{background: #af6016;}<\/style><a class=\"fusion-button button-flat button-large button-custom button-4 fusion-button-default-span\" target=\"_blank\" rel=\"noopener noreferrer\" href=\"https:\/\/www.secularfranciscansusa.org\"><span class=\"fusion-button-text\">Aprende m\u00e1s<\/span><\/a><\/div><div class=\"fusion-sep-clear\"><\/div><div class=\"fusion-separator fusion-full-width-sep\" style=\"margin-left: auto;margin-right: auto;width:100%;\"><\/div><div class=\"fusion-sep-clear\"><\/div><div class=\"fusion-clearfix\"><\/div><\/div><\/div><\/div><\/div>","protected":false},"excerpt":{"rendered":"","protected":false},"author":14,"featured_media":0,"parent":3016,"menu_order":3,"comment_status":"closed","ping_status":"closed","template":"side-navigation.php","meta":{"_acf_changed":false,"footnotes":""},"class_list":["post-5219","page","type-page","status-publish","hentry"],"acf":[],"yoast_head":"<!-- This site is optimized with the Yoast SEO Premium plugin v27.1 (Yoast SEO v27.1.1) - https:\/\/yoast.com\/product\/yoast-seo-premium-wordpress\/ -->\n<title>Catholic Mass Intentions - Franciscan Missions<\/title>\n<meta name=\"description\" content=\"Donate to request that your intentions be remembered in a Catholic Mass by Franciscan Friars around the world.\" \/>\n<meta name=\"robots\" content=\"index, follow, max-snippet:-1, max-image-preview:large, max-video-preview:-1\" \/>\n<link rel=\"canonical\" href=\"https:\/\/franciscanmissions.org\/es\/our-story\/partners\/\" \/>\n<meta property=\"og:locale\" content=\"es_MX\" \/>\n<meta property=\"og:type\" content=\"article\" \/>\n<meta property=\"og:title\" content=\"Our Partners\" \/>\n<meta property=\"og:description\" content=\"Donate to request that your intentions be remembered in a Catholic Mass by Franciscan Friars around the world.\" \/>\n<meta property=\"og:url\" content=\"https:\/\/franciscanmissions.org\/es\/our-story\/partners\/\" \/>\n<meta property=\"og:site_name\" content=\"Franciscan Missions\" \/>\n<meta property=\"article:publisher\" content=\"https:\/\/www.facebook.com\/franciscanmissions\/\" \/>\n<meta property=\"article:modified_time\" content=\"2026-03-16T15:41:18+00:00\" \/>\n<meta name=\"twitter:card\" content=\"summary_large_image\" \/>\n<meta name=\"twitter:label1\" content=\"Tiempo de lectura\" \/>\n\t<meta name=\"twitter:data1\" content=\"4 minutos\" \/>\n<script type=\"application\/ld+json\" class=\"yoast-schema-graph\">{\"@context\":\"https:\/\/schema.org\",\"@graph\":[{\"@type\":\"WebPage\",\"@id\":\"https:\/\/franciscanmissions.org\/our-story\/partners\/\",\"url\":\"https:\/\/franciscanmissions.org\/our-story\/partners\/\",\"name\":\"Catholic Mass Intentions - Franciscan Missions\",\"isPartOf\":{\"@id\":\"https:\/\/franciscanmissions.org\/#website\"},\"datePublished\":\"2022-08-10T14:49:52+00:00\",\"dateModified\":\"2026-03-16T15:41:18+00:00\",\"description\":\"Donate to request that your intentions be remembered in a Catholic Mass by Franciscan Friars around the world.\",\"breadcrumb\":{\"@id\":\"https:\/\/franciscanmissions.org\/our-story\/partners\/#breadcrumb\"},\"inLanguage\":\"es\",\"potentialAction\":[{\"@type\":\"ReadAction\",\"target\":[\"https:\/\/franciscanmissions.org\/our-story\/partners\/\"]}]},{\"@type\":\"BreadcrumbList\",\"@id\":\"https:\/\/franciscanmissions.org\/our-story\/partners\/#breadcrumb\",\"itemListElement\":[{\"@type\":\"ListItem\",\"position\":1,\"name\":\"Home\",\"item\":\"https:\/\/franciscanmissions.org\/\"},{\"@type\":\"ListItem\",\"position\":2,\"name\":\"Our Story\",\"item\":\"https:\/\/franciscanmissions.org\/our-story\/\"},{\"@type\":\"ListItem\",\"position\":3,\"name\":\"Our Partners\"}]},{\"@type\":\"WebSite\",\"@id\":\"https:\/\/franciscanmissions.org\/#website\",\"url\":\"https:\/\/franciscanmissions.org\/\",\"name\":\"Franciscan Missions\",\"description\":\"Together, we deliver hope\",\"publisher\":{\"@id\":\"https:\/\/franciscanmissions.org\/#organization\"},\"potentialAction\":[{\"@type\":\"SearchAction\",\"target\":{\"@type\":\"EntryPoint\",\"urlTemplate\":\"https:\/\/franciscanmissions.org\/?s={search_term_string}\"},\"query-input\":{\"@type\":\"PropertyValueSpecification\",\"valueRequired\":true,\"valueName\":\"search_term_string\"}}],\"inLanguage\":\"es\"},{\"@type\":\"Organization\",\"@id\":\"https:\/\/franciscanmissions.org\/#organization\",\"name\":\"Franciscan Missions\",\"url\":\"https:\/\/franciscanmissions.org\/\",\"logo\":{\"@type\":\"ImageObject\",\"inLanguage\":\"es\",\"@id\":\"https:\/\/franciscanmissions.org\/#\/schema\/logo\/image\/\",\"url\":\"https:\/\/franciscanmissions.org\/wp-content\/uploads\/2019\/01\/fm_logo@2x.png\",\"contentUrl\":\"https:\/\/franciscanmissions.org\/wp-content\/uploads\/2019\/01\/fm_logo@2x.png\",\"width\":304,\"height\":108,\"caption\":\"Franciscan Missions\"},\"image\":{\"@id\":\"https:\/\/franciscanmissions.org\/#\/schema\/logo\/image\/\"},\"sameAs\":[\"https:\/\/www.facebook.com\/franciscanmissions\/\"]}]}<\/script>\n<!-- \/ Yoast SEO Premium plugin. -->","yoast_head_json":{"title":"Intenciones de Misa Cat\u00f3lica - Misiones Franciscanas","description":"Dona para solicitar que tus intenciones sean recordadas en una Misa Cat\u00f3lica por los frailes franciscanos de todo el mundo.","robots":{"index":"index","follow":"follow","max-snippet":"max-snippet:-1","max-image-preview":"max-image-preview:large","max-video-preview":"max-video-preview:-1"},"canonical":"https:\/\/franciscanmissions.org\/es\/our-story\/partners\/","og_locale":"es_MX","og_type":"article","og_title":"Our Partners","og_description":"Donate to request that your intentions be remembered in a Catholic Mass by Franciscan Friars around the world.","og_url":"https:\/\/franciscanmissions.org\/es\/our-story\/partners\/","og_site_name":"Franciscan Missions","article_publisher":"https:\/\/www.facebook.com\/franciscanmissions\/","article_modified_time":"2026-03-16T15:41:18+00:00","twitter_card":"summary_large_image","twitter_misc":{"Tiempo de lectura":"4 minutos"},"schema":{"@context":"https:\/\/schema.org","@graph":[{"@type":"WebPage","@id":"https:\/\/franciscanmissions.org\/our-story\/partners\/","url":"https:\/\/franciscanmissions.org\/our-story\/partners\/","name":"Intenciones de Misa Cat\u00f3lica - Misiones Franciscanas","isPartOf":{"@id":"https:\/\/franciscanmissions.org\/#website"},"datePublished":"2022-08-10T14:49:52+00:00","dateModified":"2026-03-16T15:41:18+00:00","description":"Dona para solicitar que tus intenciones sean recordadas en una Misa Cat\u00f3lica por los frailes franciscanos de todo el mundo.","breadcrumb":{"@id":"https:\/\/franciscanmissions.org\/our-story\/partners\/#breadcrumb"},"inLanguage":"es","potentialAction":[{"@type":"ReadAction","target":["https:\/\/franciscanmissions.org\/our-story\/partners\/"]}]},{"@type":"BreadcrumbList","@id":"https:\/\/franciscanmissions.org\/our-story\/partners\/#breadcrumb","itemListElement":[{"@type":"ListItem","position":1,"name":"Home","item":"https:\/\/franciscanmissions.org\/"},{"@type":"ListItem","position":2,"name":"Our Story","item":"https:\/\/franciscanmissions.org\/our-story\/"},{"@type":"ListItem","position":3,"name":"Our Partners"}]},{"@type":"WebSite","@id":"https:\/\/franciscanmissions.org\/#website","url":"https:\/\/franciscanmissions.org\/","name":"las misiones franciscanas","description":"Juntos, entregamos esperanza","publisher":{"@id":"https:\/\/franciscanmissions.org\/#organization"},"potentialAction":[{"@type":"SearchAction","target":{"@type":"EntryPoint","urlTemplate":"https:\/\/franciscanmissions.org\/?s={search_term_string}"},"query-input":{"@type":"PropertyValueSpecification","valueRequired":true,"valueName":"search_term_string"}}],"inLanguage":"es"},{"@type":"Organization","@id":"https:\/\/franciscanmissions.org\/#organization","name":"las misiones franciscanas","url":"https:\/\/franciscanmissions.org\/","logo":{"@type":"ImageObject","inLanguage":"es","@id":"https:\/\/franciscanmissions.org\/#\/schema\/logo\/image\/","url":"https:\/\/franciscanmissions.org\/wp-content\/uploads\/2019\/01\/fm_logo@2x.png","contentUrl":"https:\/\/franciscanmissions.org\/wp-content\/uploads\/2019\/01\/fm_logo@2x.png","width":304,"height":108,"caption":"Franciscan Missions"},"image":{"@id":"https:\/\/franciscanmissions.org\/#\/schema\/logo\/image\/"},"sameAs":["https:\/\/www.facebook.com\/franciscanmissions\/"]}]}},"_links":{"self":[{"href":"https:\/\/franciscanmissions.org\/es\/wp-json\/wp\/v2\/pages\/5219","targetHints":{"allow":["GET"]}}],"collection":[{"href":"https:\/\/franciscanmissions.org\/es\/wp-json\/wp\/v2\/pages"}],"about":[{"href":"https:\/\/franciscanmissions.org\/es\/wp-json\/wp\/v2\/types\/page"}],"author":[{"embeddable":true,"href":"https:\/\/franciscanmissions.org\/es\/wp-json\/wp\/v2\/users\/14"}],"replies":[{"embeddable":true,"href":"https:\/\/franciscanmissions.org\/es\/wp-json\/wp\/v2\/comments?post=5219"}],"version-history":[{"count":17,"href":"https:\/\/franciscanmissions.org\/es\/wp-json\/wp\/v2\/pages\/5219\/revisions"}],"predecessor-version":[{"id":7753,"href":"https:\/\/franciscanmissions.org\/es\/wp-json\/wp\/v2\/pages\/5219\/revisions\/7753"}],"up":[{"embeddable":true,"href":"https:\/\/franciscanmissions.org\/es\/wp-json\/wp\/v2\/pages\/3016"}],"wp:attachment":[{"href":"https:\/\/franciscanmissions.org\/es\/wp-json\/wp\/v2\/media?parent=5219"}],"curies":[{"name":"wp","href":"https:\/\/api.w.org\/{rel}","templated":true}]}}