{"id":4908,"date":"2022-04-05T10:49:52","date_gmt":"2022-04-05T14:49:52","guid":{"rendered":"https:\/\/franciscanmissions.org\/?page_id=4908"},"modified":"2026-03-16T11:41:15","modified_gmt":"2026-03-16T15:41:15","slug":"catholic-mass-intentions","status":"publish","type":"page","link":"https:\/\/franciscanmissions.org\/es\/catholic-mass-intentions\/","title":{"rendered":"Intenciones de la misa cat\u00f3lica"},"content":{"rendered":"<div class=\"fusion-fullwidth fullwidth-box fusion-builder-row-1 nonhundred-percent-fullwidth non-hundred-percent-height-scrolling\" style=\"background-color: #ffffff;background-position: center center;background-repeat: no-repeat;padding-top:20px;padding-right:0px;padding-bottom:20px;padding-left:0px;margin-bottom: 0px;margin-top: 0px;border-width: 0px 0px 0px 0px;border-color:#eae9e9;border-style:solid;\" ><div class=\"fusion-builder-row fusion-row\"><div class=\"fusion-layout-column fusion_builder_column fusion-builder-column-0 fusion_builder_column_1_3 1_3 fusion-one-third fusion-column-first\" style=\"margin-top:0px;margin-bottom:20px;\"><div class=\"fusion-column-wrapper fusion-flex-column-wrapper-legacy\" style=\"background-position:left top;background-repeat:no-repeat;-webkit-background-size:cover;-moz-background-size:cover;-o-background-size:cover;background-size:cover;padding: 0px 0px 0px 0px;\"><span class=\"fusion-imageframe imageframe-none imageframe-1 hover-type-zoomin\"><img decoding=\"async\" width=\"300\" height=\"225\" alt=\"Catholic masses celebrated at Franciscan missions around the world\" title=\"Celebraci\u00f3n masiva cat\u00f3lica\" src=\"https:\/\/franciscanmissions.org\/wp-content\/uploads\/2018\/07\/TWDH179-300x225.jpg\" class=\"img-responsive wp-image-2660\" srcset=\"https:\/\/franciscanmissions.org\/wp-content\/uploads\/2018\/07\/TWDH179-200x150.jpg 200w, https:\/\/franciscanmissions.org\/wp-content\/uploads\/2018\/07\/TWDH179-400x300.jpg 400w, https:\/\/franciscanmissions.org\/wp-content\/uploads\/2018\/07\/TWDH179-600x450.jpg 600w, https:\/\/franciscanmissions.org\/wp-content\/uploads\/2018\/07\/TWDH179-800x600.jpg 800w, https:\/\/franciscanmissions.org\/wp-content\/uploads\/2018\/07\/TWDH179.jpg 1024w\" sizes=\"(max-width: 800px) 100vw, 400px\" \/><\/span><div class=\"fusion-clearfix\"><\/div><\/div><\/div><div class=\"fusion-layout-column fusion_builder_column fusion-builder-column-1 fusion_builder_column_2_3 2_3 fusion-two-third fusion-column-last\" style=\"margin-top:0px;margin-bottom:20px;\"><div class=\"fusion-column-wrapper fusion-flex-column-wrapper-legacy\" style=\"background-position:left top;background-repeat:no-repeat;-webkit-background-size:cover;-moz-background-size:cover;-o-background-size:cover;background-size:cover;padding: 0px 0px 0px 0px;\"><style type=\"text\/css\"><\/style><div class=\"fusion-title title fusion-title-1 fusion-sep-none fusion-title-text fusion-title-size-one\" style=\"margin-top:0px;margin-right:0px;margin-bottom:31px;margin-left:0px;\"><h1 class=\"title-heading-left fusion-responsive-typography-calculated\" style=\"margin:0;--fontSize:50;line-height:1.30;\"><h1>Intenciones de la misa cat\u00f3lica<\/h1><\/h1><\/div><div class=\"fusion-text fusion-text-1\"><p>Tener una Misa celebrada por una persona o una solicitud espec\u00edfica tiene una larga historia en la Iglesia Cat\u00f3lica. Pedir una Misa no es solo una se\u00f1al de tu propia fe y florecimiento, sino de tu coraz\u00f3n para aquellos que dicen estas Misas. La ofrenda que haga al solicitar una Misa se destinar\u00e1 a apoyar el trabajo de los misioneros en todo el mundo.<\/p>\n<p>Todas las misas se dicen en el extranjero (es decir, fuera de los Estados Unidos) y, por lo general, se programan en unas cuatro a seis semanas.<\/p>\n<h2>\u00bfQu\u00e9 sucede despu\u00e9s de solicitar una Misa?<\/h2>\n<p>Despu\u00e9s de hacer una solicitud, recibir\u00e1 una carta por correo de Franciscan Missions confirmando que sus Misas han sido programadas o celebradas.<\/p>\n<p>Como puede apreciar, con una gran cantidad de solicitudes, cada una de las cuales requiere programaci\u00f3n en todos los pa\u00edses, no podemos proporcionar ubicaciones y horarios espec\u00edficos. Gracias por su comprensi\u00f3n.<\/p>\n<\/div><div class=\"fusion-sep-clear\"><\/div><div class=\"fusion-separator fusion-full-width-sep\" style=\"margin-left: auto;margin-right: auto;margin-top:25px;margin-bottom:25px;width:100%;\"><div class=\"fusion-separator-border sep-single sep-solid\" style=\"border-color:#613314;border-top-width:1px;\"><\/div><\/div><div class=\"fusion-sep-clear\"><\/div><style type=\"text\/css\"><\/style><div class=\"fusion-title title fusion-title-2 fusion-sep-none fusion-title-text fusion-title-size-two\" style=\"margin-top:0px;margin-right:0px;margin-bottom:31px;margin-left:0px;\"><h2 class=\"title-heading-left fusion-responsive-typography-calculated\" style=\"margin:0;--fontSize:42;line-height:1.28;\"><h2>Intenciones de una sola misa<\/h2><\/h2><\/div><div class=\"fusion-text fusion-text-2\"><p>Si desea que se celebre una misa por las necesidades de una persona especial, por un pedido especial o en acci\u00f3n de gracias, nos sentimos honrados de orar con usted por su intenci\u00f3n.<\/p>\n<\/div><div class=\"fusion-button-wrapper\"><style type=\"text\/css\">.fusion-button.button-1 .fusion-button-text, .fusion-button.button-1 i {color:#ffffff;}.fusion-button.button-1 .fusion-button-icon-divider{border-color:#ffffff;}.fusion-button.button-1:hover .fusion-button-text, .fusion-button.button-1:hover i,.fusion-button.button-1:focus .fusion-button-text, .fusion-button.button-1:focus i,.fusion-button.button-1:active .fusion-button-text, .fusion-button.button-1:active{color:#ffffff;}.fusion-button.button-1:hover .fusion-button-icon-divider, .fusion-button.button-1:hover .fusion-button-icon-divider, .fusion-button.button-1:active .fusion-button-icon-divider{border-color:#ffffff;}.fusion-button.button-1:hover, .fusion-button.button-1:focus, .fusion-button.button-1:active{border-color:#ffffff;}.fusion-button.button-1 {border-color:#ffffff;border-radius:0px;}.fusion-button.button-1{background: #d6741d;}.fusion-button.button-1:hover,.button-1:focus,.fusion-button.button-1:active{background: #af6016;}<\/style><a class=\"fusion-button button-flat button-large button-custom button-1 fusion-button-default-span\" target=\"_self\" href=\"https:\/\/give.franciscanmissions.org\/masses\"><span class=\"fusion-button-text\">Solicitar una Misa \u00danica<\/span><\/a><\/div><div class=\"fusion-sep-clear\"><\/div><div class=\"fusion-separator fusion-full-width-sep\" style=\"margin-left: auto;margin-right: auto;margin-top:25px;margin-bottom:25px;width:100%;\"><div class=\"fusion-separator-border sep-single sep-solid\" style=\"border-color:#613314;border-top-width:1px;\"><\/div><\/div><div class=\"fusion-sep-clear\"><\/div><style type=\"text\/css\"><\/style><div class=\"fusion-title title fusion-title-3 fusion-sep-none fusion-title-text fusion-title-size-two\" style=\"margin-top:0px;margin-right:0px;margin-bottom:31px;margin-left:0px;\"><h2 class=\"title-heading-left fusion-responsive-typography-calculated\" style=\"margin:0;--fontSize:42;line-height:1.28;\"><h2>Triduo de misas<\/h2><\/h2><\/div><div class=\"fusion-text fusion-text-3\"><p>Un Triduo es una serie de tres Misas celebradas por las intenciones que pides. Se puede pedir que se rece un Triduo para obtener gracias especiales, para implorar favores o para hacer peticiones particulares.<\/p>\n<\/div><div class=\"fusion-button-wrapper\"><style type=\"text\/css\">.fusion-button.button-2 .fusion-button-text, .fusion-button.button-2 i {color:#ffffff;}.fusion-button.button-2 .fusion-button-icon-divider{border-color:#ffffff;}.fusion-button.button-2:hover .fusion-button-text, .fusion-button.button-2:hover i,.fusion-button.button-2:focus .fusion-button-text, .fusion-button.button-2:focus i,.fusion-button.button-2:active .fusion-button-text, .fusion-button.button-2:active{color:#ffffff;}.fusion-button.button-2:hover .fusion-button-icon-divider, .fusion-button.button-2:hover .fusion-button-icon-divider, .fusion-button.button-2:active .fusion-button-icon-divider{border-color:#ffffff;}.fusion-button.button-2:hover, .fusion-button.button-2:focus, .fusion-button.button-2:active{border-color:#ffffff;}.fusion-button.button-2 {border-color:#ffffff;border-radius:0px;}.fusion-button.button-2{background: #d6741d;}.fusion-button.button-2:hover,.button-2:focus,.fusion-button.button-2:active{background: #af6016;}<\/style><a class=\"fusion-button button-flat button-large button-custom button-2 fusion-button-default-span\" target=\"_self\" href=\"https:\/\/give.franciscanmissions.org\/triduum-mass-request\"><span class=\"fusion-button-text\">Solicite una serie de Misas de Triduo<\/span><\/a><\/div><div class=\"fusion-sep-clear\"><\/div><div class=\"fusion-separator fusion-full-width-sep\" style=\"margin-left: auto;margin-right: auto;margin-top:25px;margin-bottom:25px;width:100%;\"><div class=\"fusion-separator-border sep-single sep-solid\" style=\"border-color:#613314;border-top-width:1px;\"><\/div><\/div><div class=\"fusion-sep-clear\"><\/div><style type=\"text\/css\"><\/style><div class=\"fusion-title title fusion-title-4 fusion-sep-none fusion-title-text fusion-title-size-two\" style=\"margin-top:0px;margin-right:0px;margin-bottom:31px;margin-left:0px;\"><h2 class=\"title-heading-left fusion-responsive-typography-calculated\" style=\"margin:0;--fontSize:42;line-height:1.28;\"><h2>Novena de misas<\/h2><\/h2><\/div><div class=\"fusion-text fusion-text-4\"><p>Esta serie incluye nueve Misas celebradas consecutivamente. Una Novena es un acto de devoci\u00f3n religiosa originario del cristianismo antiguo, que a menudo consiste en oraciones privadas o p\u00fablicas repetidas durante nueve d\u00edas consecutivos, con la esperanza de obtener gracias especiales de intercesi\u00f3n.<\/p>\n<\/div><div class=\"fusion-button-wrapper\"><style type=\"text\/css\">.fusion-button.button-3 .fusion-button-text, .fusion-button.button-3 i {color:#ffffff;}.fusion-button.button-3 .fusion-button-icon-divider{border-color:#ffffff;}.fusion-button.button-3:hover .fusion-button-text, .fusion-button.button-3:hover i,.fusion-button.button-3:focus .fusion-button-text, .fusion-button.button-3:focus i,.fusion-button.button-3:active .fusion-button-text, .fusion-button.button-3:active{color:#ffffff;}.fusion-button.button-3:hover .fusion-button-icon-divider, .fusion-button.button-3:hover .fusion-button-icon-divider, .fusion-button.button-3:active .fusion-button-icon-divider{border-color:#ffffff;}.fusion-button.button-3:hover, .fusion-button.button-3:focus, .fusion-button.button-3:active{border-color:#ffffff;}.fusion-button.button-3 {border-color:#ffffff;border-radius:0px;}.fusion-button.button-3{background: #d6741d;}.fusion-button.button-3:hover,.button-3:focus,.fusion-button.button-3:active{background: #af6016;}<\/style><a class=\"fusion-button button-flat button-large button-custom button-3 fusion-button-default-span\" target=\"_self\" href=\"https:\/\/give.franciscanmissions.org\/novena-mass-request\"><span class=\"fusion-button-text\">Solicite una Serie de Misas de Novena<\/span><\/a><\/div><div class=\"fusion-sep-clear\"><\/div><div class=\"fusion-separator fusion-full-width-sep\" style=\"margin-left: auto;margin-right: auto;margin-top:25px;margin-bottom:25px;width:100%;\"><div class=\"fusion-separator-border sep-single sep-solid\" style=\"border-color:#613314;border-top-width:1px;\"><\/div><\/div><div class=\"fusion-sep-clear\"><\/div><style type=\"text\/css\"><\/style><div class=\"fusion-title title fusion-title-5 fusion-sep-none fusion-title-text fusion-title-size-two\" style=\"margin-top:0px;margin-right:0px;margin-bottom:31px;margin-left:0px;\"><h2 class=\"title-heading-left fusion-responsive-typography-calculated\" style=\"margin:0;--fontSize:42;line-height:1.28;\"><h2>Serie gregoriana de misas<\/h2><\/h2><\/div><div class=\"fusion-text fusion-text-5\"><p>La serie gregoriana de misas se celebra durante un per\u00edodo de 30 d\u00edas. <strong>Las Misas deben ser ofrecidas SOLAMENTE para una persona difunta<\/strong>. Como puede apreciar, requiere tiempo adicional para nosotros organizar estas Misas. Pocos sacerdotes est\u00e1n libres y pueden ofrecer las 30 Misas consecutivas de la serie gregoriana sin interrupci\u00f3n, por lo que debemos coordinar con un lugar donde est\u00e9 estacionado m\u00e1s de un sacerdote.<\/p>\n<\/div><div class=\"fusion-button-wrapper\"><style type=\"text\/css\">.fusion-button.button-4 .fusion-button-text, .fusion-button.button-4 i {color:#ffffff;}.fusion-button.button-4 .fusion-button-icon-divider{border-color:#ffffff;}.fusion-button.button-4:hover .fusion-button-text, .fusion-button.button-4:hover i,.fusion-button.button-4:focus .fusion-button-text, .fusion-button.button-4:focus i,.fusion-button.button-4:active .fusion-button-text, .fusion-button.button-4:active{color:#ffffff;}.fusion-button.button-4:hover .fusion-button-icon-divider, .fusion-button.button-4:hover .fusion-button-icon-divider, .fusion-button.button-4:active .fusion-button-icon-divider{border-color:#ffffff;}.fusion-button.button-4:hover, .fusion-button.button-4:focus, .fusion-button.button-4:active{border-color:#ffffff;}.fusion-button.button-4 {border-color:#ffffff;border-radius:0px;}.fusion-button.button-4{background: #d6741d;}.fusion-button.button-4:hover,.button-4:focus,.fusion-button.button-4:active{background: #af6016;}<\/style><a class=\"fusion-button button-flat button-large button-custom button-4 fusion-button-default-span\" target=\"_self\" href=\"https:\/\/give.franciscanmissions.org\/gregorian-mass-request\"><span class=\"fusion-button-text\">Solicite una Serie de Misas Gregorianas<\/span><\/a><\/div><div class=\"fusion-sep-clear\"><\/div><div class=\"fusion-separator fusion-full-width-sep\" style=\"margin-left: auto;margin-right: auto;width:100%;\"><\/div><div class=\"fusion-sep-clear\"><\/div><div class=\"fusion-clearfix\"><\/div><\/div><\/div><\/div><\/div>","protected":false},"excerpt":{"rendered":"","protected":false},"author":14,"featured_media":0,"parent":0,"menu_order":0,"comment_status":"closed","ping_status":"closed","template":"100-width.php","meta":{"_acf_changed":false,"footnotes":""},"class_list":["post-4908","page","type-page","status-publish","hentry"],"acf":[],"yoast_head":"<!-- This site is optimized with the Yoast SEO Premium plugin v27.1 (Yoast SEO v27.1.1) - https:\/\/yoast.com\/product\/yoast-seo-premium-wordpress\/ -->\n<title>Catholic Mass Intentions - Franciscan Missions<\/title>\n<meta name=\"description\" content=\"Donate to request that your intentions be remembered in a Catholic Mass by Franciscan Friars around the world.\" \/>\n<meta name=\"robots\" content=\"index, follow, max-snippet:-1, max-image-preview:large, max-video-preview:-1\" \/>\n<link rel=\"canonical\" href=\"https:\/\/franciscanmissions.org\/es\/catholic-mass-intentions\/\" \/>\n<meta property=\"og:locale\" content=\"es_MX\" \/>\n<meta property=\"og:type\" content=\"article\" \/>\n<meta property=\"og:title\" content=\"Catholic Mass Intentions\" \/>\n<meta property=\"og:description\" content=\"Donate to request that your intentions be remembered in a Catholic Mass by Franciscan Friars around the world.\" \/>\n<meta property=\"og:url\" content=\"https:\/\/franciscanmissions.org\/es\/catholic-mass-intentions\/\" \/>\n<meta property=\"og:site_name\" content=\"Franciscan Missions\" \/>\n<meta property=\"article:publisher\" content=\"https:\/\/www.facebook.com\/franciscanmissions\/\" \/>\n<meta property=\"article:modified_time\" content=\"2026-03-16T15:41:15+00:00\" \/>\n<meta property=\"og:image\" content=\"https:\/\/franciscanmissions.org\/wp-content\/uploads\/2018\/07\/TWDH179.jpg\" \/>\n\t<meta property=\"og:image:width\" content=\"1024\" \/>\n\t<meta property=\"og:image:height\" content=\"768\" \/>\n\t<meta property=\"og:image:type\" content=\"image\/jpeg\" \/>\n<meta name=\"twitter:card\" content=\"summary_large_image\" \/>\n<meta name=\"twitter:label1\" content=\"Tiempo de lectura\" \/>\n\t<meta name=\"twitter:data1\" content=\"4 minutos\" \/>\n<script type=\"application\/ld+json\" class=\"yoast-schema-graph\">{\"@context\":\"https:\/\/schema.org\",\"@graph\":[{\"@type\":\"WebPage\",\"@id\":\"https:\/\/franciscanmissions.org\/catholic-mass-intentions\/\",\"url\":\"https:\/\/franciscanmissions.org\/catholic-mass-intentions\/\",\"name\":\"Catholic Mass Intentions - Franciscan Missions\",\"isPartOf\":{\"@id\":\"https:\/\/franciscanmissions.org\/#website\"},\"primaryImageOfPage\":{\"@id\":\"https:\/\/franciscanmissions.org\/catholic-mass-intentions\/#primaryimage\"},\"image\":{\"@id\":\"https:\/\/franciscanmissions.org\/catholic-mass-intentions\/#primaryimage\"},\"thumbnailUrl\":\"https:\/\/franciscanmissions.org\/wp-content\/uploads\/2018\/07\/TWDH179-300x225.jpg\",\"datePublished\":\"2022-04-05T14:49:52+00:00\",\"dateModified\":\"2026-03-16T15:41:15+00:00\",\"description\":\"Donate to request that your intentions be remembered in a Catholic Mass by Franciscan Friars around the world.\",\"breadcrumb\":{\"@id\":\"https:\/\/franciscanmissions.org\/catholic-mass-intentions\/#breadcrumb\"},\"inLanguage\":\"es\",\"potentialAction\":[{\"@type\":\"ReadAction\",\"target\":[\"https:\/\/franciscanmissions.org\/catholic-mass-intentions\/\"]}]},{\"@type\":\"ImageObject\",\"inLanguage\":\"es\",\"@id\":\"https:\/\/franciscanmissions.org\/catholic-mass-intentions\/#primaryimage\",\"url\":\"https:\/\/franciscanmissions.org\/wp-content\/uploads\/2018\/07\/TWDH179-300x225.jpg\",\"contentUrl\":\"https:\/\/franciscanmissions.org\/wp-content\/uploads\/2018\/07\/TWDH179-300x225.jpg\"},{\"@type\":\"BreadcrumbList\",\"@id\":\"https:\/\/franciscanmissions.org\/catholic-mass-intentions\/#breadcrumb\",\"itemListElement\":[{\"@type\":\"ListItem\",\"position\":1,\"name\":\"Home\",\"item\":\"https:\/\/franciscanmissions.org\/\"},{\"@type\":\"ListItem\",\"position\":2,\"name\":\"Catholic Mass Intentions\"}]},{\"@type\":\"WebSite\",\"@id\":\"https:\/\/franciscanmissions.org\/#website\",\"url\":\"https:\/\/franciscanmissions.org\/\",\"name\":\"Franciscan Missions\",\"description\":\"Together, we deliver hope\",\"publisher\":{\"@id\":\"https:\/\/franciscanmissions.org\/#organization\"},\"potentialAction\":[{\"@type\":\"SearchAction\",\"target\":{\"@type\":\"EntryPoint\",\"urlTemplate\":\"https:\/\/franciscanmissions.org\/?s={search_term_string}\"},\"query-input\":{\"@type\":\"PropertyValueSpecification\",\"valueRequired\":true,\"valueName\":\"search_term_string\"}}],\"inLanguage\":\"es\"},{\"@type\":\"Organization\",\"@id\":\"https:\/\/franciscanmissions.org\/#organization\",\"name\":\"Franciscan Missions\",\"url\":\"https:\/\/franciscanmissions.org\/\",\"logo\":{\"@type\":\"ImageObject\",\"inLanguage\":\"es\",\"@id\":\"https:\/\/franciscanmissions.org\/#\/schema\/logo\/image\/\",\"url\":\"https:\/\/franciscanmissions.org\/wp-content\/uploads\/2019\/01\/fm_logo@2x.png\",\"contentUrl\":\"https:\/\/franciscanmissions.org\/wp-content\/uploads\/2019\/01\/fm_logo@2x.png\",\"width\":304,\"height\":108,\"caption\":\"Franciscan Missions\"},\"image\":{\"@id\":\"https:\/\/franciscanmissions.org\/#\/schema\/logo\/image\/\"},\"sameAs\":[\"https:\/\/www.facebook.com\/franciscanmissions\/\"]}]}<\/script>\n<!-- \/ Yoast SEO Premium plugin. -->","yoast_head_json":{"title":"Intenciones de Misa Cat\u00f3lica - Misiones Franciscanas","description":"Dona para solicitar que tus intenciones sean recordadas en una Misa Cat\u00f3lica por los frailes franciscanos de todo el mundo.","robots":{"index":"index","follow":"follow","max-snippet":"max-snippet:-1","max-image-preview":"max-image-preview:large","max-video-preview":"max-video-preview:-1"},"canonical":"https:\/\/franciscanmissions.org\/es\/catholic-mass-intentions\/","og_locale":"es_MX","og_type":"article","og_title":"Catholic Mass Intentions","og_description":"Donate to request that your intentions be remembered in a Catholic Mass by Franciscan Friars around the world.","og_url":"https:\/\/franciscanmissions.org\/es\/catholic-mass-intentions\/","og_site_name":"Franciscan Missions","article_publisher":"https:\/\/www.facebook.com\/franciscanmissions\/","article_modified_time":"2026-03-16T15:41:15+00:00","og_image":[{"width":1024,"height":768,"url":"https:\/\/franciscanmissions.org\/wp-content\/uploads\/2018\/07\/TWDH179.jpg","type":"image\/jpeg"}],"twitter_card":"summary_large_image","twitter_misc":{"Tiempo de lectura":"4 minutos"},"schema":{"@context":"https:\/\/schema.org","@graph":[{"@type":"WebPage","@id":"https:\/\/franciscanmissions.org\/catholic-mass-intentions\/","url":"https:\/\/franciscanmissions.org\/catholic-mass-intentions\/","name":"Intenciones de Misa Cat\u00f3lica - Misiones Franciscanas","isPartOf":{"@id":"https:\/\/franciscanmissions.org\/#website"},"primaryImageOfPage":{"@id":"https:\/\/franciscanmissions.org\/catholic-mass-intentions\/#primaryimage"},"image":{"@id":"https:\/\/franciscanmissions.org\/catholic-mass-intentions\/#primaryimage"},"thumbnailUrl":"https:\/\/franciscanmissions.org\/wp-content\/uploads\/2018\/07\/TWDH179-300x225.jpg","datePublished":"2022-04-05T14:49:52+00:00","dateModified":"2026-03-16T15:41:15+00:00","description":"Dona para solicitar que tus intenciones sean recordadas en una Misa Cat\u00f3lica por los frailes franciscanos de todo el mundo.","breadcrumb":{"@id":"https:\/\/franciscanmissions.org\/catholic-mass-intentions\/#breadcrumb"},"inLanguage":"es","potentialAction":[{"@type":"ReadAction","target":["https:\/\/franciscanmissions.org\/catholic-mass-intentions\/"]}]},{"@type":"ImageObject","inLanguage":"es","@id":"https:\/\/franciscanmissions.org\/catholic-mass-intentions\/#primaryimage","url":"https:\/\/franciscanmissions.org\/wp-content\/uploads\/2018\/07\/TWDH179-300x225.jpg","contentUrl":"https:\/\/franciscanmissions.org\/wp-content\/uploads\/2018\/07\/TWDH179-300x225.jpg"},{"@type":"BreadcrumbList","@id":"https:\/\/franciscanmissions.org\/catholic-mass-intentions\/#breadcrumb","itemListElement":[{"@type":"ListItem","position":1,"name":"Home","item":"https:\/\/franciscanmissions.org\/"},{"@type":"ListItem","position":2,"name":"Catholic Mass Intentions"}]},{"@type":"WebSite","@id":"https:\/\/franciscanmissions.org\/#website","url":"https:\/\/franciscanmissions.org\/","name":"las misiones franciscanas","description":"Juntos, entregamos esperanza","publisher":{"@id":"https:\/\/franciscanmissions.org\/#organization"},"potentialAction":[{"@type":"SearchAction","target":{"@type":"EntryPoint","urlTemplate":"https:\/\/franciscanmissions.org\/?s={search_term_string}"},"query-input":{"@type":"PropertyValueSpecification","valueRequired":true,"valueName":"search_term_string"}}],"inLanguage":"es"},{"@type":"Organization","@id":"https:\/\/franciscanmissions.org\/#organization","name":"las misiones franciscanas","url":"https:\/\/franciscanmissions.org\/","logo":{"@type":"ImageObject","inLanguage":"es","@id":"https:\/\/franciscanmissions.org\/#\/schema\/logo\/image\/","url":"https:\/\/franciscanmissions.org\/wp-content\/uploads\/2019\/01\/fm_logo@2x.png","contentUrl":"https:\/\/franciscanmissions.org\/wp-content\/uploads\/2019\/01\/fm_logo@2x.png","width":304,"height":108,"caption":"Franciscan Missions"},"image":{"@id":"https:\/\/franciscanmissions.org\/#\/schema\/logo\/image\/"},"sameAs":["https:\/\/www.facebook.com\/franciscanmissions\/"]}]}},"_links":{"self":[{"href":"https:\/\/franciscanmissions.org\/es\/wp-json\/wp\/v2\/pages\/4908","targetHints":{"allow":["GET"]}}],"collection":[{"href":"https:\/\/franciscanmissions.org\/es\/wp-json\/wp\/v2\/pages"}],"about":[{"href":"https:\/\/franciscanmissions.org\/es\/wp-json\/wp\/v2\/types\/page"}],"author":[{"embeddable":true,"href":"https:\/\/franciscanmissions.org\/es\/wp-json\/wp\/v2\/users\/14"}],"replies":[{"embeddable":true,"href":"https:\/\/franciscanmissions.org\/es\/wp-json\/wp\/v2\/comments?post=4908"}],"version-history":[{"count":12,"href":"https:\/\/franciscanmissions.org\/es\/wp-json\/wp\/v2\/pages\/4908\/revisions"}],"predecessor-version":[{"id":5600,"href":"https:\/\/franciscanmissions.org\/es\/wp-json\/wp\/v2\/pages\/4908\/revisions\/5600"}],"wp:attachment":[{"href":"https:\/\/franciscanmissions.org\/es\/wp-json\/wp\/v2\/media?parent=4908"}],"curies":[{"name":"wp","href":"https:\/\/api.w.org\/{rel}","templated":true}]}}