{"id":2362,"date":"2018-07-30T15:06:07","date_gmt":"2018-07-30T19:06:07","guid":{"rendered":"https:\/\/franciscanmissions.org\/?page_id=2362"},"modified":"2026-04-21T14:48:15","modified_gmt":"2026-04-21T18:48:15","slug":"honey-gift-box","status":"publish","type":"page","link":"https:\/\/franciscanmissions.org\/es\/honey-gift-box\/","title":{"rendered":"Regala esta dulce caja de regalo de miel para las fiestas."},"content":{"rendered":"<div class=\"fusion-fullwidth fullwidth-box fusion-builder-row-1 nonhundred-percent-fullwidth non-hundred-percent-height-scrolling\" style=\"background-color: #ffffff;background-position: center center;background-repeat: no-repeat;padding-top:20px;padding-right:0px;padding-bottom:20px;padding-left:0px;margin-bottom: 0px;margin-top: 0px;border-width: 0px 0px 0px 0px;border-color:#eae9e9;border-style:solid;\" ><div class=\"fusion-builder-row fusion-row\"><div class=\"fusion-layout-column fusion_builder_column fusion-builder-column-0 fusion_builder_column_1_1 1_1 fusion-one-full fusion-column-first fusion-column-last fusion-column-no-min-height\" style=\"margin-top:0px;margin-bottom:0px;\"><div class=\"fusion-column-wrapper fusion-flex-column-wrapper-legacy\" style=\"background-position:left top;background-repeat:no-repeat;-webkit-background-size:cover;-moz-background-size:cover;-o-background-size:cover;background-size:cover;padding: 0px 0px 0px 0px;\"><style type=\"text\/css\"><\/style><div class=\"fusion-title title fusion-title-1 fusion-sep-none fusion-title-text fusion-title-size-one\" style=\"margin-top:0px;margin-right:0px;margin-bottom:31px;margin-left:0px;\"><h1 class=\"title-heading-left fusion-responsive-typography-calculated\" style=\"margin:0;--fontSize:50;line-height:1.30;\">Caja de regalo de la miel<\/h1><\/div><div class=\"fusion-clearfix\"><\/div><\/div><\/div><div class=\"fusion-layout-column fusion_builder_column fusion-builder-column-1 fusion_builder_column_1_3 1_3 fusion-one-third fusion-column-first\" style=\"width:30.6666%; margin-right: 4%;margin-top:0px;margin-bottom:20px;\"><div class=\"fusion-column-wrapper fusion-flex-column-wrapper-legacy\" style=\"background-position:left top;background-repeat:no-repeat;-webkit-background-size:cover;-moz-background-size:cover;-o-background-size:cover;background-size:cover;padding: 0px 0px 0px 0px;\"><span class=\"fusion-imageframe imageframe-none imageframe-1 hover-type-none\"><img decoding=\"async\" width=\"300\" height=\"225\" alt=\"Honey made by happy bees\" title=\"Miel Franciscana\" src=\"https:\/\/franciscanmissions.org\/wp-content\/uploads\/2018\/07\/Honey_1024X768-300x225.jpg\" class=\"img-responsive wp-image-2672\" srcset=\"https:\/\/franciscanmissions.org\/wp-content\/uploads\/2018\/07\/Honey_1024X768-200x150.jpg 200w, https:\/\/franciscanmissions.org\/wp-content\/uploads\/2018\/07\/Honey_1024X768-400x300.jpg 400w, https:\/\/franciscanmissions.org\/wp-content\/uploads\/2018\/07\/Honey_1024X768-600x450.jpg 600w, https:\/\/franciscanmissions.org\/wp-content\/uploads\/2018\/07\/Honey_1024X768-800x600.jpg 800w, https:\/\/franciscanmissions.org\/wp-content\/uploads\/2018\/07\/Honey_1024X768.jpg 1024w\" sizes=\"(max-width: 800px) 100vw, 400px\" \/><\/span><div class=\"fusion-clearfix\"><\/div><\/div><\/div><div class=\"fusion-layout-column fusion_builder_column fusion-builder-column-2 fusion_builder_column_1_3 1_3 fusion-one-third\" style=\"width:30.6666%; margin-right: 4%;margin-top:0px;margin-bottom:20px;\"><div class=\"fusion-column-wrapper fusion-flex-column-wrapper-legacy\" style=\"background-position:left top;background-repeat:no-repeat;-webkit-background-size:cover;-moz-background-size:cover;-o-background-size:cover;background-size:cover;padding: 0px 0px 0px 0px;\"><div class=\"fusion-text fusion-text-1\"><p>Regala esta dulce caja de regalo de miel para las fiestas. Dos botellas pl\u00e1sticas de miel de 12 onzas vienen en una atractiva caja de madera hecha a mano con cubierta de plexigl\u00e1s, \u00a1un art\u00edculo \u00fatil en s\u00ed mismo una vez que se acaba la miel! Tenga en cuenta que la oferta incluye el costo de env\u00edo y manipulaci\u00f3n.<\/p>\n<p><span style=\"color: #ff0000;\"><span style=\"caret-color: #ff0000;\"><b>Debido a circunstancias fuera de nuestro control, puede haber algunos retrasos en el env\u00edo.<\/b><\/span><\/span><\/p>\n<p><strong>SOLAMENTE podemos enviar pedidos de miel en los Estados Unidos continentales, Haw\u00e1i y Puerto Rico.\u00a0<\/strong><\/p>\n<\/div><div class=\"fusion-clearfix\"><\/div><\/div><\/div><div class=\"fusion-layout-column fusion_builder_column fusion-builder-column-3 fusion_builder_column_1_3 1_3 fusion-one-third fusion-column-last\" style=\"width:30.6666%;margin-top:0px;margin-bottom:20px;\"><div class=\"fusion-column-wrapper fusion-flex-column-wrapper-legacy\" style=\"background-position:left top;background-repeat:no-repeat;-webkit-background-size:cover;-moz-background-size:cover;-o-background-size:cover;background-size:cover;padding: 0px 0px 0px 0px;\"><div class=\"fusion-text fusion-text-2\"><p>$ 30.00 por juego de dos botellas.<\/p>\n<\/div><div class=\"fusion-button-wrapper\"><style type=\"text\/css\">.fusion-button.button-1 {border-radius:2px;}<\/style><a class=\"fusion-button button-flat fusion-button-default-size button-default button-1 fusion-button-default-span\" target=\"_self\" href=\"https:\/\/give.franciscanmissions.org\/honey\"><span class=\"fusion-button-text\">Done ahora<\/span><\/a><\/div><div class=\"fusion-clearfix\"><\/div><\/div><\/div><div class=\"fusion-layout-column fusion_builder_column fusion-builder-column-4 fusion_builder_column_1_1 1_1 fusion-one-full fusion-column-first fusion-column-last fusion-column-no-min-height\" style=\"margin-top:0px;margin-bottom:0px;\"><div class=\"fusion-column-wrapper fusion-flex-column-wrapper-legacy\" style=\"background-position:left top;background-repeat:no-repeat;-webkit-background-size:cover;-moz-background-size:cover;-o-background-size:cover;background-size:cover;padding: 0px 0px 0px 0px;\"><div class=\"fusion-clearfix\"><\/div><\/div><\/div><\/div><\/div>","protected":false},"excerpt":{"rendered":"","protected":false},"author":5,"featured_media":0,"parent":0,"menu_order":21,"comment_status":"closed","ping_status":"closed","template":"100-width.php","meta":{"_acf_changed":false,"footnotes":""},"class_list":["post-2362","page","type-page","status-publish","hentry"],"acf":[],"yoast_head":"<!-- This site is optimized with the Yoast SEO Premium plugin v27.1 (Yoast SEO v27.1.1) - https:\/\/yoast.com\/product\/yoast-seo-premium-wordpress\/ -->\n<title>Honey Gift Box - Franciscan Missions<\/title>\n<meta name=\"description\" content=\"A $30 donation to the Franciscan Missions will help feed the poor worldwide.\" \/>\n<meta name=\"robots\" content=\"index, follow, max-snippet:-1, max-image-preview:large, max-video-preview:-1\" \/>\n<link rel=\"canonical\" href=\"https:\/\/franciscanmissions.org\/es\/honey-gift-box\/\" \/>\n<meta property=\"og:locale\" content=\"es_MX\" \/>\n<meta property=\"og:type\" content=\"article\" \/>\n<meta property=\"og:title\" content=\"Give This Sweet Honey Gift Box For The Holidays\" \/>\n<meta property=\"og:description\" content=\"A $30 donation to the Franciscan Missions will help feed the poor worldwide.\" \/>\n<meta property=\"og:url\" content=\"https:\/\/franciscanmissions.org\/es\/honey-gift-box\/\" \/>\n<meta property=\"og:site_name\" content=\"Franciscan Missions\" \/>\n<meta property=\"article:publisher\" content=\"https:\/\/www.facebook.com\/franciscanmissions\/\" \/>\n<meta property=\"article:modified_time\" content=\"2026-04-21T18:48:15+00:00\" \/>\n<meta property=\"og:image\" content=\"https:\/\/franciscanmissions.org\/wp-content\/uploads\/2018\/07\/Honey_1024X768.jpg\" \/>\n\t<meta property=\"og:image:width\" content=\"1024\" \/>\n\t<meta property=\"og:image:height\" content=\"768\" \/>\n\t<meta property=\"og:image:type\" content=\"image\/jpeg\" \/>\n<meta name=\"twitter:card\" content=\"summary_large_image\" \/>\n<meta name=\"twitter:label1\" content=\"Tiempo de lectura\" \/>\n\t<meta name=\"twitter:data1\" content=\"2 minutos\" \/>\n<script type=\"application\/ld+json\" class=\"yoast-schema-graph\">{\"@context\":\"https:\/\/schema.org\",\"@graph\":[{\"@type\":\"WebPage\",\"@id\":\"https:\/\/franciscanmissions.org\/honey-gift-box\/\",\"url\":\"https:\/\/franciscanmissions.org\/honey-gift-box\/\",\"name\":\"Honey Gift Box - Franciscan Missions\",\"isPartOf\":{\"@id\":\"https:\/\/franciscanmissions.org\/#website\"},\"primaryImageOfPage\":{\"@id\":\"https:\/\/franciscanmissions.org\/honey-gift-box\/#primaryimage\"},\"image\":{\"@id\":\"https:\/\/franciscanmissions.org\/honey-gift-box\/#primaryimage\"},\"thumbnailUrl\":\"https:\/\/franciscanmissions.org\/wp-content\/uploads\/2018\/07\/Honey_1024X768-300x225.jpg\",\"datePublished\":\"2018-07-30T19:06:07+00:00\",\"dateModified\":\"2026-04-21T18:48:15+00:00\",\"description\":\"A $30 donation to the Franciscan Missions will help feed the poor worldwide.\",\"breadcrumb\":{\"@id\":\"https:\/\/franciscanmissions.org\/honey-gift-box\/#breadcrumb\"},\"inLanguage\":\"es\",\"potentialAction\":[{\"@type\":\"ReadAction\",\"target\":[\"https:\/\/franciscanmissions.org\/honey-gift-box\/\"]}]},{\"@type\":\"ImageObject\",\"inLanguage\":\"es\",\"@id\":\"https:\/\/franciscanmissions.org\/honey-gift-box\/#primaryimage\",\"url\":\"https:\/\/franciscanmissions.org\/wp-content\/uploads\/2018\/07\/Honey_1024X768-300x225.jpg\",\"contentUrl\":\"https:\/\/franciscanmissions.org\/wp-content\/uploads\/2018\/07\/Honey_1024X768-300x225.jpg\"},{\"@type\":\"BreadcrumbList\",\"@id\":\"https:\/\/franciscanmissions.org\/honey-gift-box\/#breadcrumb\",\"itemListElement\":[{\"@type\":\"ListItem\",\"position\":1,\"name\":\"Home\",\"item\":\"https:\/\/franciscanmissions.org\/\"},{\"@type\":\"ListItem\",\"position\":2,\"name\":\"Give This Sweet Honey Gift Box For The Holidays\"}]},{\"@type\":\"WebSite\",\"@id\":\"https:\/\/franciscanmissions.org\/#website\",\"url\":\"https:\/\/franciscanmissions.org\/\",\"name\":\"Franciscan Missions\",\"description\":\"Together, we deliver hope\",\"publisher\":{\"@id\":\"https:\/\/franciscanmissions.org\/#organization\"},\"potentialAction\":[{\"@type\":\"SearchAction\",\"target\":{\"@type\":\"EntryPoint\",\"urlTemplate\":\"https:\/\/franciscanmissions.org\/?s={search_term_string}\"},\"query-input\":{\"@type\":\"PropertyValueSpecification\",\"valueRequired\":true,\"valueName\":\"search_term_string\"}}],\"inLanguage\":\"es\"},{\"@type\":\"Organization\",\"@id\":\"https:\/\/franciscanmissions.org\/#organization\",\"name\":\"Franciscan Missions\",\"url\":\"https:\/\/franciscanmissions.org\/\",\"logo\":{\"@type\":\"ImageObject\",\"inLanguage\":\"es\",\"@id\":\"https:\/\/franciscanmissions.org\/#\/schema\/logo\/image\/\",\"url\":\"https:\/\/franciscanmissions.org\/wp-content\/uploads\/2019\/01\/fm_logo@2x.png\",\"contentUrl\":\"https:\/\/franciscanmissions.org\/wp-content\/uploads\/2019\/01\/fm_logo@2x.png\",\"width\":304,\"height\":108,\"caption\":\"Franciscan Missions\"},\"image\":{\"@id\":\"https:\/\/franciscanmissions.org\/#\/schema\/logo\/image\/\"},\"sameAs\":[\"https:\/\/www.facebook.com\/franciscanmissions\/\"]}]}<\/script>\n<!-- \/ Yoast SEO Premium plugin. -->","yoast_head_json":{"title":"Honey Gift Box - Franciscan Missions","description":"A $30 donation to the Franciscan Missions will help feed the poor worldwide.","robots":{"index":"index","follow":"follow","max-snippet":"max-snippet:-1","max-image-preview":"max-image-preview:large","max-video-preview":"max-video-preview:-1"},"canonical":"https:\/\/franciscanmissions.org\/es\/honey-gift-box\/","og_locale":"es_MX","og_type":"article","og_title":"Give This Sweet Honey Gift Box For The Holidays","og_description":"A $30 donation to the Franciscan Missions will help feed the poor worldwide.","og_url":"https:\/\/franciscanmissions.org\/es\/honey-gift-box\/","og_site_name":"Franciscan Missions","article_publisher":"https:\/\/www.facebook.com\/franciscanmissions\/","article_modified_time":"2026-04-21T18:48:15+00:00","og_image":[{"width":1024,"height":768,"url":"https:\/\/franciscanmissions.org\/wp-content\/uploads\/2018\/07\/Honey_1024X768.jpg","type":"image\/jpeg"}],"twitter_card":"summary_large_image","twitter_misc":{"Tiempo de lectura":"2 minutos"},"schema":{"@context":"https:\/\/schema.org","@graph":[{"@type":"WebPage","@id":"https:\/\/franciscanmissions.org\/honey-gift-box\/","url":"https:\/\/franciscanmissions.org\/honey-gift-box\/","name":"Honey Gift Box - Franciscan Missions","isPartOf":{"@id":"https:\/\/franciscanmissions.org\/#website"},"primaryImageOfPage":{"@id":"https:\/\/franciscanmissions.org\/honey-gift-box\/#primaryimage"},"image":{"@id":"https:\/\/franciscanmissions.org\/honey-gift-box\/#primaryimage"},"thumbnailUrl":"https:\/\/franciscanmissions.org\/wp-content\/uploads\/2018\/07\/Honey_1024X768-300x225.jpg","datePublished":"2018-07-30T19:06:07+00:00","dateModified":"2026-04-21T18:48:15+00:00","description":"A $30 donation to the Franciscan Missions will help feed the poor worldwide.","breadcrumb":{"@id":"https:\/\/franciscanmissions.org\/honey-gift-box\/#breadcrumb"},"inLanguage":"es","potentialAction":[{"@type":"ReadAction","target":["https:\/\/franciscanmissions.org\/honey-gift-box\/"]}]},{"@type":"ImageObject","inLanguage":"es","@id":"https:\/\/franciscanmissions.org\/honey-gift-box\/#primaryimage","url":"https:\/\/franciscanmissions.org\/wp-content\/uploads\/2018\/07\/Honey_1024X768-300x225.jpg","contentUrl":"https:\/\/franciscanmissions.org\/wp-content\/uploads\/2018\/07\/Honey_1024X768-300x225.jpg"},{"@type":"BreadcrumbList","@id":"https:\/\/franciscanmissions.org\/honey-gift-box\/#breadcrumb","itemListElement":[{"@type":"ListItem","position":1,"name":"Home","item":"https:\/\/franciscanmissions.org\/"},{"@type":"ListItem","position":2,"name":"Give This Sweet Honey Gift Box For The Holidays"}]},{"@type":"WebSite","@id":"https:\/\/franciscanmissions.org\/#website","url":"https:\/\/franciscanmissions.org\/","name":"las misiones franciscanas","description":"Juntos, entregamos esperanza","publisher":{"@id":"https:\/\/franciscanmissions.org\/#organization"},"potentialAction":[{"@type":"SearchAction","target":{"@type":"EntryPoint","urlTemplate":"https:\/\/franciscanmissions.org\/?s={search_term_string}"},"query-input":{"@type":"PropertyValueSpecification","valueRequired":true,"valueName":"search_term_string"}}],"inLanguage":"es"},{"@type":"Organization","@id":"https:\/\/franciscanmissions.org\/#organization","name":"las misiones franciscanas","url":"https:\/\/franciscanmissions.org\/","logo":{"@type":"ImageObject","inLanguage":"es","@id":"https:\/\/franciscanmissions.org\/#\/schema\/logo\/image\/","url":"https:\/\/franciscanmissions.org\/wp-content\/uploads\/2019\/01\/fm_logo@2x.png","contentUrl":"https:\/\/franciscanmissions.org\/wp-content\/uploads\/2019\/01\/fm_logo@2x.png","width":304,"height":108,"caption":"Franciscan Missions"},"image":{"@id":"https:\/\/franciscanmissions.org\/#\/schema\/logo\/image\/"},"sameAs":["https:\/\/www.facebook.com\/franciscanmissions\/"]}]}},"_links":{"self":[{"href":"https:\/\/franciscanmissions.org\/es\/wp-json\/wp\/v2\/pages\/2362","targetHints":{"allow":["GET"]}}],"collection":[{"href":"https:\/\/franciscanmissions.org\/es\/wp-json\/wp\/v2\/pages"}],"about":[{"href":"https:\/\/franciscanmissions.org\/es\/wp-json\/wp\/v2\/types\/page"}],"author":[{"embeddable":true,"href":"https:\/\/franciscanmissions.org\/es\/wp-json\/wp\/v2\/users\/5"}],"replies":[{"embeddable":true,"href":"https:\/\/franciscanmissions.org\/es\/wp-json\/wp\/v2\/comments?post=2362"}],"version-history":[{"count":26,"href":"https:\/\/franciscanmissions.org\/es\/wp-json\/wp\/v2\/pages\/2362\/revisions"}],"predecessor-version":[{"id":5606,"href":"https:\/\/franciscanmissions.org\/es\/wp-json\/wp\/v2\/pages\/2362\/revisions\/5606"}],"wp:attachment":[{"href":"https:\/\/franciscanmissions.org\/es\/wp-json\/wp\/v2\/media?parent=2362"}],"curies":[{"name":"wp","href":"https:\/\/api.w.org\/{rel}","templated":true}]}}