{"id":1170,"date":"2016-10-03T15:11:44","date_gmt":"2016-10-03T19:11:44","guid":{"rendered":"https:\/\/franciscanmissions.org\/?page_id=1170"},"modified":"2026-03-16T11:41:21","modified_gmt":"2026-03-16T15:41:21","slug":"poverello-club","status":"publish","type":"page","link":"https:\/\/franciscanmissions.org\/es\/support-our-mission\/poverello-club\/","title":{"rendered":"El equipo de donaciones de Poverello"},"content":{"rendered":"<div class=\"fusion-fullwidth fullwidth-box fusion-builder-row-1 hundred-percent-fullwidth non-hundred-percent-height-scrolling\" style=\"background-color: #ffffff;background-position: center center;background-repeat: no-repeat;padding-top:20px;padding-right:0px;padding-bottom:20px;padding-left:0px;margin-bottom: 0px;margin-top: 0px;border-width: 0px 0px 0px 0px;border-color:#eae9e9;border-style:solid;\" ><div class=\"fusion-builder-row fusion-row\"><div class=\"fusion-layout-column fusion_builder_column fusion-builder-column-0 fusion_builder_column_1_1 1_1 fusion-one-full fusion-column-first fusion-column-last\" style=\"margin-top:0px;margin-bottom:20px;\"><div class=\"fusion-column-wrapper fusion-flex-column-wrapper-legacy\" style=\"background-position:left top;background-repeat:no-repeat;-webkit-background-size:cover;-moz-background-size:cover;-o-background-size:cover;background-size:cover;padding: 0px 0px 0px 0px;\"><style type=\"text\/css\"><\/style><div class=\"fusion-title title fusion-title-1 fusion-sep-none fusion-title-text fusion-title-size-one\" style=\"margin-top:0px;margin-right:0px;margin-bottom:31px;margin-left:0px;\"><h1 class=\"title-heading-left fusion-responsive-typography-calculated\" style=\"margin:0;--fontSize:50;line-height:1.30;\"><h1><b>\u00danase al equipo de donaciones de Poverello:<\/b><\/h1>\n<h2><b>Convi\u00e9rtete en un Siervo de los Pobres<\/b><\/h2><\/h1><\/div><div class=\"fusion-text fusion-text-1\"><p><img decoding=\"async\" class=\"wp-image-1963 alignleft\" src=\"https:\/\/franciscanmissions.org\/wp-content\/uploads\/2016\/10\/Poverello_Logo_nobkg2.png\" alt=\"poverello_logo_nobkg2\" width=\"221\" height=\"217\" srcset=\"https:\/\/franciscanmissions.org\/wp-content\/uploads\/2016\/10\/Poverello_Logo_nobkg2-66x66.png 66w, https:\/\/franciscanmissions.org\/wp-content\/uploads\/2016\/10\/Poverello_Logo_nobkg2-120x118.png 120w, https:\/\/franciscanmissions.org\/wp-content\/uploads\/2016\/10\/Poverello_Logo_nobkg2-200x197.png 200w, https:\/\/franciscanmissions.org\/wp-content\/uploads\/2016\/10\/Poverello_Logo_nobkg2-300x295.png 300w, https:\/\/franciscanmissions.org\/wp-content\/uploads\/2016\/10\/Poverello_Logo_nobkg2-400x393.png 400w, https:\/\/franciscanmissions.org\/wp-content\/uploads\/2016\/10\/Poverello_Logo_nobkg2-500x492.png 500w, https:\/\/franciscanmissions.org\/wp-content\/uploads\/2016\/10\/Poverello_Logo_nobkg2-600x590.png 600w, https:\/\/franciscanmissions.org\/wp-content\/uploads\/2016\/10\/Poverello_Logo_nobkg2-768x755.png 768w, https:\/\/franciscanmissions.org\/wp-content\/uploads\/2016\/10\/Poverello_Logo_nobkg2-800x787.png 800w, https:\/\/franciscanmissions.org\/wp-content\/uploads\/2016\/10\/Poverello_Logo_nobkg2.png 1024w\" sizes=\"(max-width: 221px) 100vw, 221px\" \/><\/p>\n<p><span style=\"font-weight: 400;\">San Francisco de As\u00eds dedic\u00f3 su vida al servicio de los pobres. Entr\u00f3 tan completamente en ese servicio que se convirti\u00f3 en \u201cPoverello\u201d, el pobre. Al elegir dar una parte de tus recursos cada mes, puedes seguir sus pasos, convirti\u00e9ndote tambi\u00e9n en un servidor de los pobres. Comienza uni\u00e9ndote al Poverello Giving Team.\u00a0<\/span><\/p>\n<p><span style=\"font-weight: 400;\">Nuestro equipo de donaci\u00f3n de Poverello est\u00e1 formado por personas comunes que eligen anteponer las necesidades de los dem\u00e1s. No hay montos en d\u00f3lares ni m\u00ednimos para formar parte de este equipo. Lo que tenemos en com\u00fan es el compromiso de dar mensualmente y el deseo de cambiar vidas para bien.\u00a0\u00a0<\/span><\/p>\n<p><span style=\"font-weight: 400;\">El cuidado y la amabilidad de nuestro Poverello Giving Team se sienten todos los d\u00edas por algunas de las personas m\u00e1s pobres de nuestro mundo, personas atrapadas en condiciones de vida sin agua fresca y limpia, alimentos o tratamiento m\u00e9dico. Estos hermanos y hermanas \u201cprescinden\u201d como forma de vida.<\/span><\/p>\n<\/div><div class=\"fusion-button-wrapper\"><style type=\"text\/css\">.fusion-button.button-1 .fusion-button-text, .fusion-button.button-1 i {color:#ffffff;}.fusion-button.button-1 .fusion-button-icon-divider{border-color:#ffffff;}.fusion-button.button-1:hover .fusion-button-text, .fusion-button.button-1:hover i,.fusion-button.button-1:focus .fusion-button-text, .fusion-button.button-1:focus i,.fusion-button.button-1:active .fusion-button-text, .fusion-button.button-1:active{color:#ffffff;}.fusion-button.button-1:hover .fusion-button-icon-divider, .fusion-button.button-1:hover .fusion-button-icon-divider, .fusion-button.button-1:active .fusion-button-icon-divider{border-color:#ffffff;}.fusion-button.button-1:hover, .fusion-button.button-1:focus, .fusion-button.button-1:active{border-color:#ffffff;}.fusion-button.button-1 {border-color:#ffffff;border-radius:0px;}.fusion-button.button-1{background: #d6741d;}.fusion-button.button-1:hover,.button-1:focus,.fusion-button.button-1:active{background: #af6016;}<\/style><a class=\"fusion-button button-flat button-large button-custom button-1 fusion-button-span-no fusion-button-default-type\" target=\"_self\" href=\"https:\/\/give.franciscanmissions.org\/monthly-donation\"><span class=\"fusion-button-text\">Done ahora<\/span><\/a><\/div><div class=\"fusion-sep-clear\"><\/div><div class=\"fusion-separator fusion-full-width-sep\" style=\"margin-left: auto;margin-right: auto;width:100%;\"><div class=\"fusion-separator-border sep-single sep-solid\" style=\"border-color:#e0dede;border-top-width:1px;\"><\/div><\/div><div class=\"fusion-sep-clear\"><\/div><div class=\"fusion-text fusion-text-2\"><p><strong>Las donaciones regulares mensuales ayudan a las Misiones Franciscanas a:<\/strong><\/p>\n<ul>\n<li style=\"font-weight: 400;\" aria-level=\"1\"><span style=\"font-weight: 400;\">Env\u00eda misioneros franciscanos a vivir y predicar el Evangelio mientras sirven a los pobres.<\/span><\/li>\n<li style=\"font-weight: 400;\" aria-level=\"1\"><span style=\"font-weight: 400;\">Alimenta al hambriento<\/span><\/li>\n<li style=\"font-weight: 400;\" aria-level=\"1\"><span style=\"font-weight: 400;\">Proveer agua fresca y limpia para aquellos que tienen sed.<\/span><\/li>\n<li style=\"font-weight: 400;\" aria-level=\"1\"><span style=\"font-weight: 400;\">Vestir a los desnudos<\/span><\/li>\n<li style=\"font-weight: 400;\" aria-level=\"1\"><span style=\"font-weight: 400;\">Albergar a las personas sin hogar<\/span><\/li>\n<li style=\"font-weight: 400;\" aria-level=\"1\"><span style=\"font-weight: 400;\">Proporcionar tratamiento m\u00e9dico a los enfermos.<\/span><\/li>\n<\/ul>\n<p><strong>como parte de nuestro <a href=\"https:\/\/give.franciscanmissions.org\/monthly-donation\">Equipo de donaci\u00f3n de Poverello<\/a>, recibir\u00e1s estos beneficios: <\/strong><\/p>\n<ul>\n<li style=\"font-weight: 400;\" aria-level=\"1\"><span style=\"font-weight: 400;\">Ayuda a m\u00e1s personas necesitadas<\/span><\/li>\n<li style=\"font-weight: 400;\" aria-level=\"1\"><span style=\"font-weight: 400;\">Ya no te preguntes si est\u00e1s haciendo una diferencia\u00a0<\/span><\/li>\n<li style=\"font-weight: 400;\" aria-level=\"1\"><span style=\"font-weight: 400;\">Ser recordado en la Misa en la Capilla de las Misiones Franciscanas, Waterford, Wisconsin, el 13 de junio, fiesta de San Antonio de Padua.<\/span><\/li>\n<\/ul>\n<\/div><div class=\"fusion-sep-clear\"><\/div><div class=\"fusion-separator fusion-full-width-sep\" style=\"margin-left: auto;margin-right: auto;width:100%;\"><div class=\"fusion-separator-border sep-single sep-solid\" style=\"border-color:#e0dede;border-top-width:1px;\"><\/div><\/div><div class=\"fusion-sep-clear\"><\/div><div class=\"fusion-text fusion-text-3\"><h3><strong>dar por telefono<\/strong><\/h3>\n<p><span style=\"font-weight: 400;\">Por favor llama <a href=\"tel:262-534-5470\">(262) 534-5470<\/a> entre las 9:00 am y las 5:00 pm Hora de verano central (CDT). <\/span><\/p>\n<h3><\/h3>\n<h3><strong>\u00bfYa es un donante mensual y busca aumentar su compromiso mensual? <\/strong><\/h3>\n<p><span style=\"font-weight: 400;\">Simplemente ll\u00e1menos o haga clic <\/span><a href=\"https:\/\/give.franciscanmissions.org\/monthly-donation\"><span style=\"font-weight: 400;\">Done ahora<\/span><\/a><span style=\"font-weight: 400;\"> y complete el formulario nuevamente con la nueva cantidad de regalo mensual deseada.\u00a0\u00a0<\/span><\/p>\n<p><span style=\"font-weight: 400;\">Gracias por ser el tipo de persona que pone a los dem\u00e1s primero. <\/span><span style=\"font-weight: 400;\">Juntos, estamos difundiendo la esperanza y la luz de Jes\u00fas a los hermanos y hermanas de todo el mundo.\u00a0 <\/span><\/p>\n<\/div><div class=\"fusion-button-wrapper\"><style type=\"text\/css\">.fusion-button.button-2 .fusion-button-text, .fusion-button.button-2 i {color:#ffffff;}.fusion-button.button-2 .fusion-button-icon-divider{border-color:#ffffff;}.fusion-button.button-2:hover .fusion-button-text, .fusion-button.button-2:hover i,.fusion-button.button-2:focus .fusion-button-text, .fusion-button.button-2:focus i,.fusion-button.button-2:active .fusion-button-text, .fusion-button.button-2:active{color:#ffffff;}.fusion-button.button-2:hover .fusion-button-icon-divider, .fusion-button.button-2:hover .fusion-button-icon-divider, .fusion-button.button-2:active .fusion-button-icon-divider{border-color:#ffffff;}.fusion-button.button-2:hover, .fusion-button.button-2:focus, .fusion-button.button-2:active{border-color:#ffffff;}.fusion-button.button-2 {border-color:#ffffff;border-radius:0px;}.fusion-button.button-2{background: #d6741d;}.fusion-button.button-2:hover,.button-2:focus,.fusion-button.button-2:active{background: #af6016;}<\/style><a class=\"fusion-button button-flat button-large button-custom button-2 fusion-button-span-no fusion-button-default-type\" target=\"_self\" href=\"https:\/\/give.franciscanmissions.org\/monthly-donation\"><span class=\"fusion-button-text\">Done ahora<\/span><\/a><\/div><div class=\"fusion-clearfix\"><\/div><\/div><\/div><\/div><style type=\"text\/css\">.fusion-fullwidth.fusion-builder-row-1 { overflow:visible; }<\/style><\/div>","protected":false},"excerpt":{"rendered":"","protected":false},"author":6,"featured_media":0,"parent":3039,"menu_order":2,"comment_status":"closed","ping_status":"closed","template":"side-navigation.php","meta":{"_acf_changed":false,"footnotes":""},"class_list":["post-1170","page","type-page","status-publish","hentry"],"acf":[],"yoast_head":"<!-- This site is optimized with the Yoast SEO Premium plugin v27.1 (Yoast SEO v27.1.1) - https:\/\/yoast.com\/product\/yoast-seo-premium-wordpress\/ -->\n<title>The Poverello Giving Team - Franciscan Missions<\/title>\n<meta name=\"robots\" content=\"index, follow, max-snippet:-1, max-image-preview:large, max-video-preview:-1\" \/>\n<link rel=\"canonical\" href=\"https:\/\/franciscanmissions.org\/es\/support-our-mission\/poverello-club\/\" \/>\n<meta property=\"og:locale\" content=\"es_MX\" \/>\n<meta property=\"og:type\" content=\"article\" \/>\n<meta property=\"og:title\" content=\"The Poverello Giving Team\" \/>\n<meta property=\"og:url\" content=\"https:\/\/franciscanmissions.org\/es\/support-our-mission\/poverello-club\/\" \/>\n<meta property=\"og:site_name\" content=\"Franciscan Missions\" \/>\n<meta property=\"article:publisher\" content=\"https:\/\/www.facebook.com\/franciscanmissions\/\" \/>\n<meta property=\"article:modified_time\" content=\"2026-03-16T15:41:21+00:00\" \/>\n<meta property=\"og:image\" content=\"https:\/\/franciscanmissions.org\/wp-content\/uploads\/2016\/10\/Poverello_Logo_nobkg2.png\" \/>\n\t<meta property=\"og:image:width\" content=\"1024\" \/>\n\t<meta property=\"og:image:height\" content=\"1007\" \/>\n\t<meta property=\"og:image:type\" content=\"image\/png\" \/>\n<meta name=\"twitter:card\" content=\"summary_large_image\" \/>\n<meta name=\"twitter:label1\" content=\"Tiempo de lectura\" \/>\n\t<meta name=\"twitter:data1\" content=\"3 minutos\" \/>\n<script type=\"application\/ld+json\" class=\"yoast-schema-graph\">{\"@context\":\"https:\/\/schema.org\",\"@graph\":[{\"@type\":\"WebPage\",\"@id\":\"https:\/\/franciscanmissions.org\/support-our-mission\/poverello-club\/\",\"url\":\"https:\/\/franciscanmissions.org\/support-our-mission\/poverello-club\/\",\"name\":\"The Poverello Giving Team - Franciscan Missions\",\"isPartOf\":{\"@id\":\"https:\/\/franciscanmissions.org\/#website\"},\"primaryImageOfPage\":{\"@id\":\"https:\/\/franciscanmissions.org\/support-our-mission\/poverello-club\/#primaryimage\"},\"image\":{\"@id\":\"https:\/\/franciscanmissions.org\/support-our-mission\/poverello-club\/#primaryimage\"},\"thumbnailUrl\":\"https:\/\/franciscanmissions.org\/wp-content\/uploads\/2016\/10\/Poverello_Logo_nobkg2.png\",\"datePublished\":\"2016-10-03T19:11:44+00:00\",\"dateModified\":\"2026-03-16T15:41:21+00:00\",\"breadcrumb\":{\"@id\":\"https:\/\/franciscanmissions.org\/support-our-mission\/poverello-club\/#breadcrumb\"},\"inLanguage\":\"es\",\"potentialAction\":[{\"@type\":\"ReadAction\",\"target\":[\"https:\/\/franciscanmissions.org\/support-our-mission\/poverello-club\/\"]}]},{\"@type\":\"ImageObject\",\"inLanguage\":\"es\",\"@id\":\"https:\/\/franciscanmissions.org\/support-our-mission\/poverello-club\/#primaryimage\",\"url\":\"https:\/\/franciscanmissions.org\/wp-content\/uploads\/2016\/10\/Poverello_Logo_nobkg2.png\",\"contentUrl\":\"https:\/\/franciscanmissions.org\/wp-content\/uploads\/2016\/10\/Poverello_Logo_nobkg2.png\"},{\"@type\":\"BreadcrumbList\",\"@id\":\"https:\/\/franciscanmissions.org\/support-our-mission\/poverello-club\/#breadcrumb\",\"itemListElement\":[{\"@type\":\"ListItem\",\"position\":1,\"name\":\"Home\",\"item\":\"https:\/\/franciscanmissions.org\/\"},{\"@type\":\"ListItem\",\"position\":2,\"name\":\"Support Our Mission\",\"item\":\"https:\/\/franciscanmissions.org\/support-our-mission\/\"},{\"@type\":\"ListItem\",\"position\":3,\"name\":\"The Poverello Giving Team\"}]},{\"@type\":\"WebSite\",\"@id\":\"https:\/\/franciscanmissions.org\/#website\",\"url\":\"https:\/\/franciscanmissions.org\/\",\"name\":\"Franciscan Missions\",\"description\":\"Together, we deliver hope\",\"publisher\":{\"@id\":\"https:\/\/franciscanmissions.org\/#organization\"},\"potentialAction\":[{\"@type\":\"SearchAction\",\"target\":{\"@type\":\"EntryPoint\",\"urlTemplate\":\"https:\/\/franciscanmissions.org\/?s={search_term_string}\"},\"query-input\":{\"@type\":\"PropertyValueSpecification\",\"valueRequired\":true,\"valueName\":\"search_term_string\"}}],\"inLanguage\":\"es\"},{\"@type\":\"Organization\",\"@id\":\"https:\/\/franciscanmissions.org\/#organization\",\"name\":\"Franciscan Missions\",\"url\":\"https:\/\/franciscanmissions.org\/\",\"logo\":{\"@type\":\"ImageObject\",\"inLanguage\":\"es\",\"@id\":\"https:\/\/franciscanmissions.org\/#\/schema\/logo\/image\/\",\"url\":\"https:\/\/franciscanmissions.org\/wp-content\/uploads\/2019\/01\/fm_logo@2x.png\",\"contentUrl\":\"https:\/\/franciscanmissions.org\/wp-content\/uploads\/2019\/01\/fm_logo@2x.png\",\"width\":304,\"height\":108,\"caption\":\"Franciscan Missions\"},\"image\":{\"@id\":\"https:\/\/franciscanmissions.org\/#\/schema\/logo\/image\/\"},\"sameAs\":[\"https:\/\/www.facebook.com\/franciscanmissions\/\"]}]}<\/script>\n<!-- \/ Yoast SEO Premium plugin. -->","yoast_head_json":{"title":"El equipo de donaciones de Poverello - Misiones Franciscanas","robots":{"index":"index","follow":"follow","max-snippet":"max-snippet:-1","max-image-preview":"max-image-preview:large","max-video-preview":"max-video-preview:-1"},"canonical":"https:\/\/franciscanmissions.org\/es\/support-our-mission\/poverello-club\/","og_locale":"es_MX","og_type":"article","og_title":"The Poverello Giving Team","og_url":"https:\/\/franciscanmissions.org\/es\/support-our-mission\/poverello-club\/","og_site_name":"Franciscan Missions","article_publisher":"https:\/\/www.facebook.com\/franciscanmissions\/","article_modified_time":"2026-03-16T15:41:21+00:00","og_image":[{"width":1024,"height":1007,"url":"https:\/\/franciscanmissions.org\/wp-content\/uploads\/2016\/10\/Poverello_Logo_nobkg2.png","type":"image\/png"}],"twitter_card":"summary_large_image","twitter_misc":{"Tiempo de lectura":"3 minutos"},"schema":{"@context":"https:\/\/schema.org","@graph":[{"@type":"WebPage","@id":"https:\/\/franciscanmissions.org\/support-our-mission\/poverello-club\/","url":"https:\/\/franciscanmissions.org\/support-our-mission\/poverello-club\/","name":"El equipo de donaciones de Poverello - Misiones Franciscanas","isPartOf":{"@id":"https:\/\/franciscanmissions.org\/#website"},"primaryImageOfPage":{"@id":"https:\/\/franciscanmissions.org\/support-our-mission\/poverello-club\/#primaryimage"},"image":{"@id":"https:\/\/franciscanmissions.org\/support-our-mission\/poverello-club\/#primaryimage"},"thumbnailUrl":"https:\/\/franciscanmissions.org\/wp-content\/uploads\/2016\/10\/Poverello_Logo_nobkg2.png","datePublished":"2016-10-03T19:11:44+00:00","dateModified":"2026-03-16T15:41:21+00:00","breadcrumb":{"@id":"https:\/\/franciscanmissions.org\/support-our-mission\/poverello-club\/#breadcrumb"},"inLanguage":"es","potentialAction":[{"@type":"ReadAction","target":["https:\/\/franciscanmissions.org\/support-our-mission\/poverello-club\/"]}]},{"@type":"ImageObject","inLanguage":"es","@id":"https:\/\/franciscanmissions.org\/support-our-mission\/poverello-club\/#primaryimage","url":"https:\/\/franciscanmissions.org\/wp-content\/uploads\/2016\/10\/Poverello_Logo_nobkg2.png","contentUrl":"https:\/\/franciscanmissions.org\/wp-content\/uploads\/2016\/10\/Poverello_Logo_nobkg2.png"},{"@type":"BreadcrumbList","@id":"https:\/\/franciscanmissions.org\/support-our-mission\/poverello-club\/#breadcrumb","itemListElement":[{"@type":"ListItem","position":1,"name":"Home","item":"https:\/\/franciscanmissions.org\/"},{"@type":"ListItem","position":2,"name":"Support Our Mission","item":"https:\/\/franciscanmissions.org\/support-our-mission\/"},{"@type":"ListItem","position":3,"name":"The Poverello Giving Team"}]},{"@type":"WebSite","@id":"https:\/\/franciscanmissions.org\/#website","url":"https:\/\/franciscanmissions.org\/","name":"las misiones franciscanas","description":"Juntos, entregamos esperanza","publisher":{"@id":"https:\/\/franciscanmissions.org\/#organization"},"potentialAction":[{"@type":"SearchAction","target":{"@type":"EntryPoint","urlTemplate":"https:\/\/franciscanmissions.org\/?s={search_term_string}"},"query-input":{"@type":"PropertyValueSpecification","valueRequired":true,"valueName":"search_term_string"}}],"inLanguage":"es"},{"@type":"Organization","@id":"https:\/\/franciscanmissions.org\/#organization","name":"las misiones franciscanas","url":"https:\/\/franciscanmissions.org\/","logo":{"@type":"ImageObject","inLanguage":"es","@id":"https:\/\/franciscanmissions.org\/#\/schema\/logo\/image\/","url":"https:\/\/franciscanmissions.org\/wp-content\/uploads\/2019\/01\/fm_logo@2x.png","contentUrl":"https:\/\/franciscanmissions.org\/wp-content\/uploads\/2019\/01\/fm_logo@2x.png","width":304,"height":108,"caption":"Franciscan Missions"},"image":{"@id":"https:\/\/franciscanmissions.org\/#\/schema\/logo\/image\/"},"sameAs":["https:\/\/www.facebook.com\/franciscanmissions\/"]}]}},"_links":{"self":[{"href":"https:\/\/franciscanmissions.org\/es\/wp-json\/wp\/v2\/pages\/1170","targetHints":{"allow":["GET"]}}],"collection":[{"href":"https:\/\/franciscanmissions.org\/es\/wp-json\/wp\/v2\/pages"}],"about":[{"href":"https:\/\/franciscanmissions.org\/es\/wp-json\/wp\/v2\/types\/page"}],"author":[{"embeddable":true,"href":"https:\/\/franciscanmissions.org\/es\/wp-json\/wp\/v2\/users\/6"}],"replies":[{"embeddable":true,"href":"https:\/\/franciscanmissions.org\/es\/wp-json\/wp\/v2\/comments?post=1170"}],"version-history":[{"count":72,"href":"https:\/\/franciscanmissions.org\/es\/wp-json\/wp\/v2\/pages\/1170\/revisions"}],"predecessor-version":[{"id":5603,"href":"https:\/\/franciscanmissions.org\/es\/wp-json\/wp\/v2\/pages\/1170\/revisions\/5603"}],"up":[{"embeddable":true,"href":"https:\/\/franciscanmissions.org\/es\/wp-json\/wp\/v2\/pages\/3039"}],"wp:attachment":[{"href":"https:\/\/franciscanmissions.org\/es\/wp-json\/wp\/v2\/media?parent=1170"}],"curies":[{"name":"wp","href":"https:\/\/api.w.org\/{rel}","templated":true}]}}