{"id":1023,"date":"2016-08-21T15:28:39","date_gmt":"2016-08-21T19:28:39","guid":{"rendered":"https:\/\/franciscanmissions.org\/?page_id=1023"},"modified":"2026-03-16T11:41:18","modified_gmt":"2026-03-16T15:41:18","slug":"our-impact","status":"publish","type":"page","link":"https:\/\/franciscanmissions.org\/es\/our-story\/our-impact\/","title":{"rendered":"Nuestro impacto"},"content":{"rendered":"<div class=\"fusion-fullwidth fullwidth-box fusion-builder-row-1 nonhundred-percent-fullwidth non-hundred-percent-height-scrolling\" style=\"background-color: #ffffff;background-position: left top;background-repeat: no-repeat;padding-top:20px;padding-right:0px;padding-bottom:20px;padding-left:0px;margin-bottom: 0px;margin-top: 0px;border-width: 0px 0px 0px 0px;border-color:#d8d4d0;border-style:solid;\" ><div class=\"fusion-builder-row fusion-row\"><div class=\"fusion-layout-column fusion_builder_column fusion-builder-column-0 fusion_builder_column_1_1 1_1 fusion-one-full fusion-column-first fusion-column-last\" style=\"margin-top:0px;margin-bottom:20px;\"><div class=\"fusion-column-wrapper fusion-flex-column-wrapper-legacy\" style=\"background-position:left top;background-repeat:no-repeat;-webkit-background-size:cover;-moz-background-size:cover;-o-background-size:cover;background-size:cover;padding: 0px 0px 0px 0px;\"><style type=\"text\/css\"><\/style><div class=\"fusion-title title fusion-title-1 fusion-sep-none fusion-title-text fusion-title-size-one\" style=\"margin-top:0px;margin-right:0px;margin-bottom:31px;margin-left:0px;\"><h1 class=\"title-heading-left fusion-responsive-typography-calculated\" style=\"margin:0;--fontSize:50;line-height:1.30;\">Nuestro impacto<\/h1><\/div><div class=\"fusion-text fusion-text-1\"><p class=\"p1\" style=\"text-align: left;\">Franciscan Missions tiene m\u00e1s de 5,000 misioneros en m\u00e1s de 600 misiones en seis continentes. Estamos comprometidos a difundir el mensaje del Evangelio en todos los lugares donde sirven los misioneros franciscanos. Trabajamos para financiar comedores populares, sistemas de pozos, granjas, cl\u00ednicas m\u00e9dicas, orfanatos, escuelas, esfuerzos de ayuda de emergencia y m\u00e1s. Tambi\u00e9n hemos construido viviendas e iglesias para comunidades pobres de todo el mundo.<\/p>\n<\/div><div class=\"fusion-video fusion-youtube\" style=\"max-width:640px;max-height:360px;\"><div class=\"video-shortcode\"><iframe title=\"reproductor de videos de youtube 1\" src=\"https:\/\/www.youtube.com\/embed\/snkpG9MWVfQ?wmode=transparent&autoplay=0&amp;rel=0\" width=\"640\" height=\"360\" allowfullscreen allow=\"autoplay; fullscreen\"><\/iframe><\/div><\/div><div class=\"fusion-video fusion-youtube\" style=\"max-width:640px;max-height:360px;\"><div class=\"video-shortcode\"><iframe title=\"reproductor de videos de youtube 2\" src=\"https:\/\/www.youtube.com\/embed\/1RLpdsE9ETY?wmode=transparent&autoplay=0&amp;rel=0\" width=\"640\" height=\"360\" allowfullscreen allow=\"autoplay; fullscreen\"><\/iframe><\/div><\/div><div class=\"fusion-video fusion-youtube\" style=\"max-width:640px;max-height:360px;\"><div class=\"video-shortcode\"><iframe title=\"reproductor de videos de youtube 3\" src=\"https:\/\/www.youtube.com\/embed\/Qjoqv0_rt2U?wmode=transparent&autoplay=0&amp;rel=0\" width=\"640\" height=\"360\" allowfullscreen allow=\"autoplay; fullscreen\"><\/iframe><\/div><\/div><div class=\"fusion-clearfix\"><\/div><\/div><\/div><\/div><\/div>","protected":false},"excerpt":{"rendered":"","protected":false},"author":6,"featured_media":0,"parent":3016,"menu_order":2,"comment_status":"closed","ping_status":"closed","template":"side-navigation.php","meta":{"_acf_changed":false,"footnotes":""},"class_list":["post-1023","page","type-page","status-publish","hentry"],"acf":[],"yoast_head":"<!-- This site is optimized with the Yoast SEO Premium plugin v27.1 (Yoast SEO v27.1.1) - https:\/\/yoast.com\/product\/yoast-seo-premium-wordpress\/ -->\n<title>Our Impact - Franciscan Missions<\/title>\n<meta name=\"description\" content=\"Franciscan Missions is committed to spreading the Gospel message everywhere we go. We work to fund soup kitchens, projects for well systems, and the development of farms, churches, medical clinics, and housing for the poor.\" \/>\n<meta name=\"robots\" content=\"index, follow, max-snippet:-1, max-image-preview:large, max-video-preview:-1\" \/>\n<link rel=\"canonical\" href=\"https:\/\/franciscanmissions.org\/es\/our-story\/our-impact\/\" \/>\n<meta property=\"og:locale\" content=\"es_MX\" \/>\n<meta property=\"og:type\" content=\"article\" \/>\n<meta property=\"og:title\" content=\"Our Impact\" \/>\n<meta property=\"og:description\" content=\"Franciscan Missions is committed to spreading the Gospel message everywhere we go. We work to fund soup kitchens, projects for well systems, and the development of farms, churches, medical clinics, and housing for the poor.\" \/>\n<meta property=\"og:url\" content=\"https:\/\/franciscanmissions.org\/es\/our-story\/our-impact\/\" \/>\n<meta property=\"og:site_name\" content=\"Franciscan Missions\" \/>\n<meta property=\"article:publisher\" content=\"https:\/\/www.facebook.com\/franciscanmissions\/\" \/>\n<meta property=\"article:modified_time\" content=\"2026-03-16T15:41:18+00:00\" \/>\n<meta name=\"twitter:card\" content=\"summary_large_image\" \/>\n<meta name=\"twitter:label1\" content=\"Tiempo de lectura\" \/>\n\t<meta name=\"twitter:data1\" content=\"2 minutos\" \/>\n<script type=\"application\/ld+json\" class=\"yoast-schema-graph\">{\"@context\":\"https:\/\/schema.org\",\"@graph\":[{\"@type\":\"WebPage\",\"@id\":\"https:\/\/franciscanmissions.org\/our-story\/our-impact\/\",\"url\":\"https:\/\/franciscanmissions.org\/our-story\/our-impact\/\",\"name\":\"Our Impact - Franciscan Missions\",\"isPartOf\":{\"@id\":\"https:\/\/franciscanmissions.org\/#website\"},\"datePublished\":\"2016-08-21T19:28:39+00:00\",\"dateModified\":\"2026-03-16T15:41:18+00:00\",\"description\":\"Franciscan Missions is committed to spreading the Gospel message everywhere we go. We work to fund soup kitchens, projects for well systems, and the development of farms, churches, medical clinics, and housing for the poor.\",\"breadcrumb\":{\"@id\":\"https:\/\/franciscanmissions.org\/our-story\/our-impact\/#breadcrumb\"},\"inLanguage\":\"es\",\"potentialAction\":[{\"@type\":\"ReadAction\",\"target\":[\"https:\/\/franciscanmissions.org\/our-story\/our-impact\/\"]}]},{\"@type\":\"BreadcrumbList\",\"@id\":\"https:\/\/franciscanmissions.org\/our-story\/our-impact\/#breadcrumb\",\"itemListElement\":[{\"@type\":\"ListItem\",\"position\":1,\"name\":\"Home\",\"item\":\"https:\/\/franciscanmissions.org\/\"},{\"@type\":\"ListItem\",\"position\":2,\"name\":\"Our Story\",\"item\":\"https:\/\/franciscanmissions.org\/our-story\/\"},{\"@type\":\"ListItem\",\"position\":3,\"name\":\"Our Impact\"}]},{\"@type\":\"WebSite\",\"@id\":\"https:\/\/franciscanmissions.org\/#website\",\"url\":\"https:\/\/franciscanmissions.org\/\",\"name\":\"Franciscan Missions\",\"description\":\"Together, we deliver hope\",\"publisher\":{\"@id\":\"https:\/\/franciscanmissions.org\/#organization\"},\"potentialAction\":[{\"@type\":\"SearchAction\",\"target\":{\"@type\":\"EntryPoint\",\"urlTemplate\":\"https:\/\/franciscanmissions.org\/?s={search_term_string}\"},\"query-input\":{\"@type\":\"PropertyValueSpecification\",\"valueRequired\":true,\"valueName\":\"search_term_string\"}}],\"inLanguage\":\"es\"},{\"@type\":\"Organization\",\"@id\":\"https:\/\/franciscanmissions.org\/#organization\",\"name\":\"Franciscan Missions\",\"url\":\"https:\/\/franciscanmissions.org\/\",\"logo\":{\"@type\":\"ImageObject\",\"inLanguage\":\"es\",\"@id\":\"https:\/\/franciscanmissions.org\/#\/schema\/logo\/image\/\",\"url\":\"https:\/\/franciscanmissions.org\/wp-content\/uploads\/2019\/01\/fm_logo@2x.png\",\"contentUrl\":\"https:\/\/franciscanmissions.org\/wp-content\/uploads\/2019\/01\/fm_logo@2x.png\",\"width\":304,\"height\":108,\"caption\":\"Franciscan Missions\"},\"image\":{\"@id\":\"https:\/\/franciscanmissions.org\/#\/schema\/logo\/image\/\"},\"sameAs\":[\"https:\/\/www.facebook.com\/franciscanmissions\/\"]}]}<\/script>\n<!-- \/ Yoast SEO Premium plugin. -->","yoast_head_json":{"title":"Nuestro Impacto - Misiones Franciscanas","description":"Las Misiones Franciscanas se comprometen a difundir el mensaje del Evangelio dondequiera que vayan. Trabajamos para financiar comedores populares, proyectos de sistemas de pozos y el desarrollo de granjas, iglesias, cl\u00ednicas m\u00e9dicas y viviendas para personas de bajos recursos.","robots":{"index":"index","follow":"follow","max-snippet":"max-snippet:-1","max-image-preview":"max-image-preview:large","max-video-preview":"max-video-preview:-1"},"canonical":"https:\/\/franciscanmissions.org\/es\/our-story\/our-impact\/","og_locale":"es_MX","og_type":"article","og_title":"Our Impact","og_description":"Franciscan Missions is committed to spreading the Gospel message everywhere we go. We work to fund soup kitchens, projects for well systems, and the development of farms, churches, medical clinics, and housing for the poor.","og_url":"https:\/\/franciscanmissions.org\/es\/our-story\/our-impact\/","og_site_name":"Franciscan Missions","article_publisher":"https:\/\/www.facebook.com\/franciscanmissions\/","article_modified_time":"2026-03-16T15:41:18+00:00","twitter_card":"summary_large_image","twitter_misc":{"Tiempo de lectura":"2 minutos"},"schema":{"@context":"https:\/\/schema.org","@graph":[{"@type":"WebPage","@id":"https:\/\/franciscanmissions.org\/our-story\/our-impact\/","url":"https:\/\/franciscanmissions.org\/our-story\/our-impact\/","name":"Nuestro Impacto - Misiones Franciscanas","isPartOf":{"@id":"https:\/\/franciscanmissions.org\/#website"},"datePublished":"2016-08-21T19:28:39+00:00","dateModified":"2026-03-16T15:41:18+00:00","description":"Las Misiones Franciscanas se comprometen a difundir el mensaje del Evangelio dondequiera que vayan. Trabajamos para financiar comedores populares, proyectos de sistemas de pozos y el desarrollo de granjas, iglesias, cl\u00ednicas m\u00e9dicas y viviendas para personas de bajos recursos.","breadcrumb":{"@id":"https:\/\/franciscanmissions.org\/our-story\/our-impact\/#breadcrumb"},"inLanguage":"es","potentialAction":[{"@type":"ReadAction","target":["https:\/\/franciscanmissions.org\/our-story\/our-impact\/"]}]},{"@type":"BreadcrumbList","@id":"https:\/\/franciscanmissions.org\/our-story\/our-impact\/#breadcrumb","itemListElement":[{"@type":"ListItem","position":1,"name":"Home","item":"https:\/\/franciscanmissions.org\/"},{"@type":"ListItem","position":2,"name":"Our Story","item":"https:\/\/franciscanmissions.org\/our-story\/"},{"@type":"ListItem","position":3,"name":"Our Impact"}]},{"@type":"WebSite","@id":"https:\/\/franciscanmissions.org\/#website","url":"https:\/\/franciscanmissions.org\/","name":"las misiones franciscanas","description":"Juntos, entregamos esperanza","publisher":{"@id":"https:\/\/franciscanmissions.org\/#organization"},"potentialAction":[{"@type":"SearchAction","target":{"@type":"EntryPoint","urlTemplate":"https:\/\/franciscanmissions.org\/?s={search_term_string}"},"query-input":{"@type":"PropertyValueSpecification","valueRequired":true,"valueName":"search_term_string"}}],"inLanguage":"es"},{"@type":"Organization","@id":"https:\/\/franciscanmissions.org\/#organization","name":"las misiones franciscanas","url":"https:\/\/franciscanmissions.org\/","logo":{"@type":"ImageObject","inLanguage":"es","@id":"https:\/\/franciscanmissions.org\/#\/schema\/logo\/image\/","url":"https:\/\/franciscanmissions.org\/wp-content\/uploads\/2019\/01\/fm_logo@2x.png","contentUrl":"https:\/\/franciscanmissions.org\/wp-content\/uploads\/2019\/01\/fm_logo@2x.png","width":304,"height":108,"caption":"Franciscan Missions"},"image":{"@id":"https:\/\/franciscanmissions.org\/#\/schema\/logo\/image\/"},"sameAs":["https:\/\/www.facebook.com\/franciscanmissions\/"]}]}},"_links":{"self":[{"href":"https:\/\/franciscanmissions.org\/es\/wp-json\/wp\/v2\/pages\/1023","targetHints":{"allow":["GET"]}}],"collection":[{"href":"https:\/\/franciscanmissions.org\/es\/wp-json\/wp\/v2\/pages"}],"about":[{"href":"https:\/\/franciscanmissions.org\/es\/wp-json\/wp\/v2\/types\/page"}],"author":[{"embeddable":true,"href":"https:\/\/franciscanmissions.org\/es\/wp-json\/wp\/v2\/users\/6"}],"replies":[{"embeddable":true,"href":"https:\/\/franciscanmissions.org\/es\/wp-json\/wp\/v2\/comments?post=1023"}],"version-history":[{"count":45,"href":"https:\/\/franciscanmissions.org\/es\/wp-json\/wp\/v2\/pages\/1023\/revisions"}],"predecessor-version":[{"id":8312,"href":"https:\/\/franciscanmissions.org\/es\/wp-json\/wp\/v2\/pages\/1023\/revisions\/8312"}],"up":[{"embeddable":true,"href":"https:\/\/franciscanmissions.org\/es\/wp-json\/wp\/v2\/pages\/3016"}],"wp:attachment":[{"href":"https:\/\/franciscanmissions.org\/es\/wp-json\/wp\/v2\/media?parent=1023"}],"curies":[{"name":"wp","href":"https:\/\/api.w.org\/{rel}","templated":true}]}}